{"id":3602,"date":"2026-01-08T23:09:23","date_gmt":"2026-01-08T22:09:23","guid":{"rendered":"https:\/\/aimotionevent.fr\/?post_type=product&#038;p=3602"},"modified":"2026-02-09T11:20:56","modified_gmt":"2026-02-09T10:20:56","slug":"batonslumineuxled","status":"publish","type":"product","link":"https:\/\/aimotionevent.fr\/index.php\/product\/batonslumineuxled\/","title":{"rendered":"Batons lumineux LED"},"content":{"rendered":"<ul>\n<li class=\"a-spacing-mini\">\n<h6><span class=\"a-list-item\">Taille de la tige lumineuse en mousse : 40 cm de long, environ 50 g,<\/span><\/h6>\n<\/li>\n<li class=\"a-spacing-mini\">\n<h6><span class=\"a-list-item\">il ne se casse pas \u00a0m\u00eame en cas d&rsquo;utilisation prolong\u00e9e <\/span><\/h6>\n<\/li>\n<li class=\"a-spacing-mini\">\n<h6><span class=\"a-list-item\">B\u00e2ton lumineux en mousse : l&rsquo;utilisation est simple et rapide et les couleurs sont assez riches pour cr\u00e9er une atmosph\u00e8re vivante lors de la f\u00eate <\/span><\/h6>\n<\/li>\n<li class=\"a-spacing-mini\">\n<h6><span class=\"a-list-item\">Kit de f\u00eate lumineux : ces b\u00e2tons lumineux en mousse sont adapt\u00e9s pour diff\u00e9rents \u00e9v\u00e9nements de f\u00eate, f\u00eates d&rsquo;anniversaire, f\u00eates d&rsquo;Halloween, No\u00ebl, mariages, festivals de musique, excursions de camping, concerts, f\u00eates de carnaval, etc. Quelle que soit l&rsquo;occasion, il apportera des surprises et ajoutera de l&rsquo;\u00e9clat \u00e0 l&rsquo;\u00e9v\u00e9nement<\/span><\/h6>\n<\/li>\n<\/ul>\n<h6 align=\"start\"><\/h6>\n","protected":false},"excerpt":{"rendered":"<h6 id=\"title\" class=\"a-size-large a-spacing-none\"><span id=\"productTitle\" class=\"a-size-large product-title-word-break\">Baton Lumineux LED, Baton Lumineux Fluorescent,<\/span><\/h6>\n<h6 class=\"a-size-large a-spacing-none\"><span id=\"productTitle\" class=\"a-size-large product-title-word-break\"> 40pcs B\u00e2tons Lumineux en Mousse<\/span><\/h6>\n<h6>Voilage rideau satin blanc<\/h6>\n<p>&nbsp;<\/p>\n","protected":false},"featured_media":1706,"comment_status":"open","ping_status":"closed","template":"","meta":{"_eb_attr":"","om_disable_all_campaigns":false,"_monsterinsights_skip_tracking":false,"_monsterinsights_sitenote_active":false,"_monsterinsights_sitenote_note":"","_monsterinsights_sitenote_category":0,"_uf_show_specific_survey":0,"_uf_disable_surveys":false,"_themeisle_gutenberg_block_has_review":false},"product_brand":[],"product_cat":[57,58,59],"product_tag":[62,114,76],"class_list":{"0":"post-3602","1":"product","2":"type-product","3":"status-publish","4":"has-post-thumbnail","6":"product_cat-animation-interactive","7":"product_cat-decoration","8":"product_cat-machine-a-effet","9":"product_tag-animation-interactive","10":"product_tag-baton-lumineux-led","11":"product_tag-decoration","13":"first","14":"instock","15":"purchasable","16":"product-type-simple"},"aioseo_notices":[],"jetpack_sharing_enabled":true,"_links":{"self":[{"href":"https:\/\/aimotionevent.fr\/index.php\/wp-json\/wp\/v2\/product\/3602","targetHints":{"allow":["GET"]}}],"collection":[{"href":"https:\/\/aimotionevent.fr\/index.php\/wp-json\/wp\/v2\/product"}],"about":[{"href":"https:\/\/aimotionevent.fr\/index.php\/wp-json\/wp\/v2\/types\/product"}],"replies":[{"embeddable":true,"href":"https:\/\/aimotionevent.fr\/index.php\/wp-json\/wp\/v2\/comments?post=3602"}],"version-history":[{"count":2,"href":"https:\/\/aimotionevent.fr\/index.php\/wp-json\/wp\/v2\/product\/3602\/revisions"}],"predecessor-version":[{"id":3609,"href":"https:\/\/aimotionevent.fr\/index.php\/wp-json\/wp\/v2\/product\/3602\/revisions\/3609"}],"wp:featuredmedia":[{"embeddable":true,"href":"https:\/\/aimotionevent.fr\/index.php\/wp-json\/wp\/v2\/media\/1706"}],"wp:attachment":[{"href":"https:\/\/aimotionevent.fr\/index.php\/wp-json\/wp\/v2\/media?parent=3602"}],"wp:term":[{"taxonomy":"product_brand","embeddable":true,"href":"https:\/\/aimotionevent.fr\/index.php\/wp-json\/wp\/v2\/product_brand?post=3602"},{"taxonomy":"product_cat","embeddable":true,"href":"https:\/\/aimotionevent.fr\/index.php\/wp-json\/wp\/v2\/product_cat?post=3602"},{"taxonomy":"product_tag","embeddable":true,"href":"https:\/\/aimotionevent.fr\/index.php\/wp-json\/wp\/v2\/product_tag?post=3602"}],"curies":[{"name":"wp","href":"https:\/\/api.w.org\/{rel}","templated":true}]}}