{"id":3476,"date":"2026-01-08T15:48:35","date_gmt":"2026-01-08T14:48:35","guid":{"rendered":"https:\/\/aimotionevent.fr\/?post_type=product&#038;p=3476"},"modified":"2026-03-27T10:28:29","modified_gmt":"2026-03-27T09:28:29","slug":"machineaneige","status":"publish","type":"product","link":"https:\/\/aimotionevent.fr\/index.php\/product\/machineaneige\/","title":{"rendered":"Machine \u00e0 neige"},"content":{"rendered":"<div style=\"width: 720px;\" class=\"wp-video\"><video class=\"wp-video-shortcode\" id=\"video-3476-1\" width=\"720\" height=\"1280\" loop autoplay preload=\"metadata\" controls=\"controls\"><source type=\"video\/mp4\" src=\"https:\/\/aimotionevent.fr\/wp-content\/uploads\/2026\/01\/5000270324986.mp4?_=1\" \/><a href=\"https:\/\/aimotionevent.fr\/wp-content\/uploads\/2026\/01\/5000270324986.mp4\">https:\/\/aimotionevent.fr\/wp-content\/uploads\/2026\/01\/5000270324986.mp4<\/a><\/video><\/div>\n<ul class=\"a-unordered-list a-vertical a-spacing-none\">\n<li class=\"a-spacing-mini\"><span class=\"a-list-item\">UNE MACHINE A NEIGE PUISSANTE : Avec sa puissance de 2000 watts, \u00a0elle vous offre un d\u00e9bit puissant. <\/span><\/li>\n<li class=\"a-spacing-mini\"><span class=\"a-list-item\">Avec cette impressionnante production de neige, vous donnerez rapidement un effet atmosph\u00e9rique \u00e0 vos soir\u00e9es pour le plus grand bonheur de vos convives.<\/span><\/li>\n<li class=\"a-spacing-mini\"><span class=\"a-list-item\">UN RESERVOIR DE 2500 ml : Le r\u00e9servoir de la machine \u00e0 neige BeamZ \u00a0peut contenir jusqu&rsquo;\u00e0 2.5 litres de produit \u00e0 neige, ce qui repr\u00e9sente une utilisation intensive pour une longue soir\u00e9e, voir m\u00eame plusieurs soir\u00e9es ! La capacit\u00e9 de ce r\u00e9servoir permet de tenir plus longtemps sans avoir besoin de recharger votre machine, et ainsi que mieux profiter de votre soir\u00e9e.<\/span><\/li>\n<li class=\"a-spacing-mini\"><span class=\"a-list-item\">FAITES TOMBER LA NEIGE : La machine \u00a0produit de gros flocons de neige, pouvant \u00eatre projet\u00e9s \u00e0 plusieurs m\u00e8tres de distance ! Les flocons sont en mousse et volent un petit moment dans l&rsquo;air avant de retomber. Vous pouvez facilement cr\u00e9er une ambiance tr\u00e8s hivernale chez vous, ou en soir\u00e9e avec cette machine \u00e0 mousse. Les flocons tourbillonnent ce qui cr\u00e9\u00e9 une ambiance agr\u00e9able et festive.<\/span><\/li>\n<li class=\"a-spacing-mini\"><span class=\"a-list-item\">T\u00c9L\u00c9COMMANDE DE CONTR\u00d4LE : Contr\u00f4lez ais\u00e9ment la machine \u00e0 neige gr\u00e2ce \u00e0 sa t\u00e9l\u00e9commande . Id\u00e9al pour positionner votre machine ou vous voulez et l&rsquo;activer \u00e0 distance !<\/span><\/li>\n<\/ul>\n","protected":false},"excerpt":{"rendered":"<div class=\"elementor-element elementor-element-308b1ce elementor-widget elementor-widget-text-editor\" data-id=\"308b1ce\" data-element_type=\"widget\" data-widget_type=\"text-editor.default\">\n<div id=\"qpeTitleTag_feature_div\" class=\"celwidget\" data-feature-name=\"qpeTitleTag\" data-csa-c-type=\"widget\" data-csa-c-content-id=\"qpeTitleTag\" data-csa-c-slot-id=\"qpeTitleTag_feature_div\" data-csa-c-asin=\"B0CPPXXRH9\" data-csa-c-is-in-initial-active-row=\"false\" data-cel-widget=\"qpeTitleTag_feature_div\" data-csa-c-id=\"lwt403-oeb0et-fuw8e0-eumzjg\">\n<h6 id=\"tl_1\">Machine \u00e0 flocons de neige artificiels<\/h6>\n<h6>Puissance : 2000W<\/h6>\n<h6>T\u00eate mobile, Tourne \u00e0 90 \u00b0<\/h6>\n<h6>Jet de bulles de neige pour f\u00eate en plein air.<\/h6>\n<h6>Pulv\u00e9risateur de neige pour sc\u00e8ne de mariage \u00a0et de no\u00ebl<\/h6>\n<p>&nbsp;<\/p>\n<\/div>\n<\/div>\n","protected":false},"featured_media":3467,"comment_status":"open","ping_status":"closed","template":"","meta":{"_eb_attr":"","om_disable_all_campaigns":false,"_monsterinsights_skip_tracking":false,"_monsterinsights_sitenote_active":false,"_monsterinsights_sitenote_note":"","_monsterinsights_sitenote_category":0,"_uf_show_specific_survey":0,"_uf_disable_surveys":false,"_themeisle_gutenberg_block_has_review":false},"product_brand":[],"product_cat":[57,59],"product_tag":[62,84,97],"class_list":{"0":"post-3476","1":"product","2":"type-product","3":"status-publish","4":"has-post-thumbnail","6":"product_cat-animation-interactive","7":"product_cat-machine-a-effet","8":"product_tag-animation-interactive","9":"product_tag-machine-a-effets","10":"product_tag-machine-a-neige","12":"first","13":"instock","14":"purchasable","15":"product-type-simple"},"aioseo_notices":[],"jetpack_sharing_enabled":true,"_links":{"self":[{"href":"https:\/\/aimotionevent.fr\/index.php\/wp-json\/wp\/v2\/product\/3476","targetHints":{"allow":["GET"]}}],"collection":[{"href":"https:\/\/aimotionevent.fr\/index.php\/wp-json\/wp\/v2\/product"}],"about":[{"href":"https:\/\/aimotionevent.fr\/index.php\/wp-json\/wp\/v2\/types\/product"}],"replies":[{"embeddable":true,"href":"https:\/\/aimotionevent.fr\/index.php\/wp-json\/wp\/v2\/comments?post=3476"}],"version-history":[{"count":1,"href":"https:\/\/aimotionevent.fr\/index.php\/wp-json\/wp\/v2\/product\/3476\/revisions"}],"predecessor-version":[{"id":3478,"href":"https:\/\/aimotionevent.fr\/index.php\/wp-json\/wp\/v2\/product\/3476\/revisions\/3478"}],"wp:featuredmedia":[{"embeddable":true,"href":"https:\/\/aimotionevent.fr\/index.php\/wp-json\/wp\/v2\/media\/3467"}],"wp:attachment":[{"href":"https:\/\/aimotionevent.fr\/index.php\/wp-json\/wp\/v2\/media?parent=3476"}],"wp:term":[{"taxonomy":"product_brand","embeddable":true,"href":"https:\/\/aimotionevent.fr\/index.php\/wp-json\/wp\/v2\/product_brand?post=3476"},{"taxonomy":"product_cat","embeddable":true,"href":"https:\/\/aimotionevent.fr\/index.php\/wp-json\/wp\/v2\/product_cat?post=3476"},{"taxonomy":"product_tag","embeddable":true,"href":"https:\/\/aimotionevent.fr\/index.php\/wp-json\/wp\/v2\/product_tag?post=3476"}],"curies":[{"name":"wp","href":"https:\/\/api.w.org\/{rel}","templated":true}]}}