{"id":3457,"date":"2026-01-08T15:15:09","date_gmt":"2026-01-08T14:15:09","guid":{"rendered":"https:\/\/aimotionevent.fr\/?post_type=product&#038;p=3457"},"modified":"2026-03-27T10:28:13","modified_gmt":"2026-03-27T09:28:13","slug":"machineabulledefumee","status":"publish","type":"product","link":"https:\/\/aimotionevent.fr\/index.php\/product\/machineabulledefumee\/","title":{"rendered":"Machine \u00e0 bulle de fum\u00e9e"},"content":{"rendered":"<div style=\"width: 720px;\" class=\"wp-video\"><video class=\"wp-video-shortcode\" id=\"video-3457-1\" width=\"720\" height=\"1280\" loop autoplay preload=\"metadata\" controls=\"controls\"><source type=\"video\/mp4\" src=\"https:\/\/aimotionevent.fr\/wp-content\/uploads\/2026\/01\/5000287610960.mp4?_=1\" \/><a href=\"https:\/\/aimotionevent.fr\/wp-content\/uploads\/2026\/01\/5000287610960.mp4\">https:\/\/aimotionevent.fr\/wp-content\/uploads\/2026\/01\/5000287610960.mp4<\/a><\/video><\/div>\n<h6 class=\"p\">\u00b7<span id=\"tl_2\">Trois modes d&rsquo;effet : notre machine \u00e0 bulles de fum\u00e9e offre trois modes enchanteurs :<\/span><\/h6>\n<h6 class=\"p\"><span id=\"tl_2\">&#8211; Bulles pures, bulles de fum\u00e9e et fum\u00e9e brumeuse.<\/span><\/h6>\n<h6 class=\"p\"><span id=\"tl_2\">Choisissez votre effet pr\u00e9f\u00e9r\u00e9 sur les \u00e9v\u00e9nements et plongez dans une atmosph\u00e8re aussi captivante qu&rsquo;elle est personnalisable.<\/span><\/h6>\n<h6 class=\"p\">\u00b7<span id=\"tl_3\">Commandez la magie \u00e0 port\u00e9e de main : utilisez facilement le Bubble Fogger jusqu&rsquo;\u00e0 10 m\u00e8tres \u00e0 l&rsquo;aide de la t\u00e9l\u00e9commande infrarouge incluse.<\/span><\/h6>\n<h6 class=\"p\"><span id=\"tl_3\">. Dirigez sans effort les effets de bulles et de fum\u00e9e \u00e0 distance pour cr\u00e9er une exp\u00e9rience fascinante pour vos invit\u00e9s.<\/span><\/h6>\n<h6 class=\"p\">\u00b7<span id=\"tl_4\">Cr\u00e9ez une ambiance de r\u00eave : <\/span><\/h6>\n<h6 class=\"p\"><span id=\"tl_4\">Notre machine \u00e0 bulles de brouillard produit des bulles qui s&rsquo;\u00e9l\u00e8vent jusqu&rsquo;\u00e0 (2,4 \u00e0 3 m\u00e8tres) et met en valeur votre lieu avec un brouillard mystique.<\/span><\/h6>\n<h6 class=\"p\"><span id=\"tl_4\">Parfait pour les f\u00eates ; anniversaires; No\u00ebl; Halloween; mariages; et des spectacles sur sc\u00e8ne, assurant une ambiance m\u00e9morable.<\/span><\/h6>\n","protected":false},"excerpt":{"rendered":"<div class=\"elementor-element elementor-element-308b1ce elementor-widget elementor-widget-text-editor\" data-id=\"308b1ce\" data-element_type=\"widget\" data-widget_type=\"text-editor.default\">\n<div id=\"qpeTitleTag_feature_div\" class=\"celwidget\" data-feature-name=\"qpeTitleTag\" data-csa-c-type=\"widget\" data-csa-c-content-id=\"qpeTitleTag\" data-csa-c-slot-id=\"qpeTitleTag_feature_div\" data-csa-c-asin=\"B0CPPXXRH9\" data-csa-c-is-in-initial-active-row=\"false\" data-cel-widget=\"qpeTitleTag_feature_div\" data-csa-c-id=\"lwt403-oeb0et-fuw8e0-eumzjg\">\n<h6 class=\"fx-product-headline product-title__title\">Machine \u00e0 bulle de fum\u00e9e<\/h6>\n<ul class=\"fx-list product-text__list\">\n<li class=\"fx-list__item list-item fx-list__item--circle\">\n<h6 class=\"p\">\u00b7<span id=\"tl_2\">Trois modes d&rsquo;effet : notre machine \u00e0 bulles de fum\u00e9e offre trois modes enchanteurs : <\/span><\/h6>\n<\/li>\n<li class=\"fx-list__item list-item fx-list__item--circle\">\n<h6 class=\"p\"><span id=\"tl_2\">bulles pures, bulles de fum\u00e9e et fum\u00e9e brumeuse<\/span><\/h6>\n<\/li>\n<li class=\"fx-list__item list-item fx-list__item--circle\">\n<h6 class=\"p\"><span id=\"tl_2\">.Choisissez votre effet pr\u00e9f\u00e9r\u00e9 sur les \u00e9v\u00e9nements et plongez dans une atmosph\u00e8re aussi captivante qu&rsquo;elle est personnalisable.<\/span><\/h6>\n<\/li>\n<li class=\"fx-list__item list-item fx-list__item--circle\">\n<h6><span class=\"fx-text fx-text--plus list-item__text\">Ventilateur int\u00e9gr\u00e9<\/span><\/h6>\n<\/li>\n<li class=\"fx-list__item list-item fx-list__item--circle\">\n<h6><span class=\"fx-text fx-text--plus list-item__text\">Temps de pr\u00e9chauffage: environ 3 minutes<\/span><\/h6>\n<\/li>\n<li class=\"fx-list__item list-item fx-list__item--circle\">\n<h6><span class=\"fx-text fx-text--plus list-item__text\">Volume du r\u00e9servoir: 2 litres<\/span><\/h6>\n<\/li>\n<li class=\"fx-list__item list-item fx-list__item--circle\">\n<h6><span class=\"fx-text fx-text--plus list-item__text\">\u00c9cran LCD pour contr\u00f4ler l\u2019appareil<\/span><\/h6>\n<\/li>\n<li class=\"fx-list__item list-item fx-list__item--circle\">\n<h6><span class=\"fx-text fx-text--plus list-item__text\">Compatible DMX<\/span><\/h6>\n<\/li>\n<\/ul>\n<\/div>\n<\/div>\n","protected":false},"featured_media":3462,"comment_status":"open","ping_status":"closed","template":"","meta":{"_eb_attr":"","om_disable_all_campaigns":false,"_monsterinsights_skip_tracking":false,"_monsterinsights_sitenote_active":false,"_monsterinsights_sitenote_note":"","_monsterinsights_sitenote_category":0,"_uf_show_specific_survey":0,"_uf_disable_surveys":false,"_themeisle_gutenberg_block_has_review":false},"product_brand":[],"product_cat":[57,59],"product_tag":[62,86,94,88,96,84,95],"class_list":{"0":"post-3457","1":"product","2":"type-product","3":"status-publish","4":"has-post-thumbnail","6":"product_cat-animation-interactive","7":"product_cat-machine-a-effet","8":"product_tag-animation-interactive","9":"product_tag-brouillard","10":"product_tag-machine-a-brouillard","11":"product_tag-machine-a-bulle","12":"product_tag-machine-a-bulle-de-fumee","13":"product_tag-machine-a-effets","14":"product_tag-machine-a-fumee","16":"first","17":"instock","18":"purchasable","19":"product-type-simple"},"aioseo_notices":[],"jetpack_sharing_enabled":true,"_links":{"self":[{"href":"https:\/\/aimotionevent.fr\/index.php\/wp-json\/wp\/v2\/product\/3457","targetHints":{"allow":["GET"]}}],"collection":[{"href":"https:\/\/aimotionevent.fr\/index.php\/wp-json\/wp\/v2\/product"}],"about":[{"href":"https:\/\/aimotionevent.fr\/index.php\/wp-json\/wp\/v2\/types\/product"}],"replies":[{"embeddable":true,"href":"https:\/\/aimotionevent.fr\/index.php\/wp-json\/wp\/v2\/comments?post=3457"}],"version-history":[{"count":5,"href":"https:\/\/aimotionevent.fr\/index.php\/wp-json\/wp\/v2\/product\/3457\/revisions"}],"predecessor-version":[{"id":3474,"href":"https:\/\/aimotionevent.fr\/index.php\/wp-json\/wp\/v2\/product\/3457\/revisions\/3474"}],"wp:featuredmedia":[{"embeddable":true,"href":"https:\/\/aimotionevent.fr\/index.php\/wp-json\/wp\/v2\/media\/3462"}],"wp:attachment":[{"href":"https:\/\/aimotionevent.fr\/index.php\/wp-json\/wp\/v2\/media?parent=3457"}],"wp:term":[{"taxonomy":"product_brand","embeddable":true,"href":"https:\/\/aimotionevent.fr\/index.php\/wp-json\/wp\/v2\/product_brand?post=3457"},{"taxonomy":"product_cat","embeddable":true,"href":"https:\/\/aimotionevent.fr\/index.php\/wp-json\/wp\/v2\/product_cat?post=3457"},{"taxonomy":"product_tag","embeddable":true,"href":"https:\/\/aimotionevent.fr\/index.php\/wp-json\/wp\/v2\/product_tag?post=3457"}],"curies":[{"name":"wp","href":"https:\/\/api.w.org\/{rel}","templated":true}]}}