{"id":3424,"date":"2026-01-07T18:28:59","date_gmt":"2026-01-07T17:28:59","guid":{"rendered":"https:\/\/aimotionevent.fr\/?post_type=product&#038;p=3424"},"modified":"2026-03-28T00:58:09","modified_gmt":"2026-03-27T23:58:09","slug":"canonaconfettis","status":"publish","type":"product","link":"https:\/\/aimotionevent.fr\/index.php\/product\/canonaconfettis\/","title":{"rendered":"Canon \u00e0 confettis"},"content":{"rendered":"<div class=\"elementor-element elementor-element-308b1ce elementor-widget elementor-widget-text-editor\" data-id=\"308b1ce\" data-element_type=\"widget\" data-widget_type=\"text-editor.default\">\n<div id=\"qpeTitleTag_feature_div\" class=\"celwidget\" data-feature-name=\"qpeTitleTag\" data-csa-c-type=\"widget\" data-csa-c-content-id=\"qpeTitleTag\" data-csa-c-slot-id=\"qpeTitleTag_feature_div\" data-csa-c-asin=\"B0CPPXXRH9\" data-csa-c-is-in-initial-active-row=\"false\" data-cel-widget=\"qpeTitleTag_feature_div\" data-csa-c-id=\"lwt403-oeb0et-fuw8e0-eumzjg\">\n<div>\n<div>\n<div>\n<h6 style=\"text-align: left\"><strong>Lanceur de confettis \u00e9lectrique<\/strong><\/h6>\n<h6><strong>\u00a0La machine \u00e0 confettis<\/strong> couleur \u00e9lectrique professionnelle.<\/h6>\n<h6>Elle va cr\u00e9er de <strong>beaux effets<\/strong>. La hauteur du papier pulv\u00e9ris\u00e9 peut atteindre 8 \u00e0 10 m\u00e8tres.<\/h6>\n<h6>Adapt\u00e9e \u00e0 divers \u00e9v\u00e9nement, <strong>discoth\u00e8ques<\/strong> ,concerts en plein air, clubs, <strong>f\u00eates<\/strong>, bars, banquets, spectacles scolaires, c\u00e9r\u00e9monies de <strong>mariage<\/strong>, festivals de musique, etc.<\/h6>\n<h6>Parfait pour une utilisation mobile, le lanceur de confettis est <strong>l\u00e9ger<\/strong> et <strong>facilement transportable.<\/strong><\/h6>\n<h6><strong>D\u00e9clenchement<\/strong> \u00e0 distance<\/h6>\n<h6><strong>CANON A CONFETTIS<\/strong><\/h6>\n<\/div>\n<\/div>\n<\/div>\n<\/div>\n<\/div>\n<div>\n<p>De la couleur pour la fiesta !<\/p>\n<\/div>\n<div>\n<p><strong>Canon avec d\u00e9clenchement \u00e0 distance : <\/strong><\/p>\n<p>Machines<strong> 4<\/strong> et <strong>8<\/strong> jets<\/p>\n<p>Confettis <strong>Multicolores<\/strong>, <strong>argent\u00e9s<\/strong>, dor\u00e9s, couleur unique, <strong>Serpentins<\/strong> \u00e9galement disponible<\/p>\n<\/div>\n<h6>Machine lou\u00e9e avec consommables.<\/h6>\n","protected":false},"excerpt":{"rendered":"<div class=\"elementor-element elementor-element-308b1ce elementor-widget elementor-widget-text-editor\" data-id=\"308b1ce\" data-element_type=\"widget\" data-widget_type=\"text-editor.default\">\n<div id=\"qpeTitleTag_feature_div\" class=\"celwidget\" data-feature-name=\"qpeTitleTag\" data-csa-c-type=\"widget\" data-csa-c-content-id=\"qpeTitleTag\" data-csa-c-slot-id=\"qpeTitleTag_feature_div\" data-csa-c-asin=\"B0CPPXXRH9\" data-csa-c-is-in-initial-active-row=\"false\" data-cel-widget=\"qpeTitleTag_feature_div\" data-csa-c-id=\"lwt403-oeb0et-fuw8e0-eumzjg\">\n<div>\n<div>\n<div>\n<p><strong>CANON A CONFETTIS<\/strong><\/p>\n<\/div>\n<\/div>\n<\/div>\n<\/div>\n<\/div>\n<div class=\"elementor-element elementor-element-f777159 elementor-widget__width-initial elementor-widget elementor-widget-text-editor\" data-id=\"f777159\" data-element_type=\"widget\" data-widget_type=\"text-editor.default\">\n<div>\n<p>De la couleur pour la fiesta !<\/p>\n<\/div>\n<div>\n<p><strong>Canon avec d\u00e9clenchement \u00e0 distance : <\/strong><\/p>\n<p>Machines<strong> 4<\/strong> et <strong>8<\/strong> jets<\/p>\n<p>Confettis <strong>Multicolores<\/strong>, <strong>argent\u00e9s<\/strong>, dor\u00e9s, couleur unique, <strong>Serpentins<\/strong> \u00e9galement disponible<\/p>\n<\/div>\n<\/div>\n<p>Machine lou\u00e9e avec consommables.<\/p>\n","protected":false},"featured_media":1705,"comment_status":"open","ping_status":"closed","template":"","meta":{"_eb_attr":"","om_disable_all_campaigns":false,"_monsterinsights_skip_tracking":false,"_monsterinsights_sitenote_active":false,"_monsterinsights_sitenote_note":"","_monsterinsights_sitenote_category":0,"_uf_show_specific_survey":0,"_uf_disable_surveys":false,"_themeisle_gutenberg_block_has_review":false},"product_brand":[],"product_cat":[57,59],"product_tag":[62,93,92,84],"class_list":{"0":"post-3424","1":"product","2":"type-product","3":"status-publish","4":"has-post-thumbnail","6":"product_cat-animation-interactive","7":"product_cat-machine-a-effet","8":"product_tag-animation-interactive","9":"product_tag-canon-a-confettis","10":"product_tag-confettis","11":"product_tag-machine-a-effets","13":"first","14":"instock","15":"purchasable","16":"product-type-simple"},"aioseo_notices":[],"jetpack_sharing_enabled":true,"_links":{"self":[{"href":"https:\/\/aimotionevent.fr\/index.php\/wp-json\/wp\/v2\/product\/3424","targetHints":{"allow":["GET"]}}],"collection":[{"href":"https:\/\/aimotionevent.fr\/index.php\/wp-json\/wp\/v2\/product"}],"about":[{"href":"https:\/\/aimotionevent.fr\/index.php\/wp-json\/wp\/v2\/types\/product"}],"replies":[{"embeddable":true,"href":"https:\/\/aimotionevent.fr\/index.php\/wp-json\/wp\/v2\/comments?post=3424"}],"version-history":[{"count":2,"href":"https:\/\/aimotionevent.fr\/index.php\/wp-json\/wp\/v2\/product\/3424\/revisions"}],"predecessor-version":[{"id":3975,"href":"https:\/\/aimotionevent.fr\/index.php\/wp-json\/wp\/v2\/product\/3424\/revisions\/3975"}],"wp:featuredmedia":[{"embeddable":true,"href":"https:\/\/aimotionevent.fr\/index.php\/wp-json\/wp\/v2\/media\/1705"}],"wp:attachment":[{"href":"https:\/\/aimotionevent.fr\/index.php\/wp-json\/wp\/v2\/media?parent=3424"}],"wp:term":[{"taxonomy":"product_brand","embeddable":true,"href":"https:\/\/aimotionevent.fr\/index.php\/wp-json\/wp\/v2\/product_brand?post=3424"},{"taxonomy":"product_cat","embeddable":true,"href":"https:\/\/aimotionevent.fr\/index.php\/wp-json\/wp\/v2\/product_cat?post=3424"},{"taxonomy":"product_tag","embeddable":true,"href":"https:\/\/aimotionevent.fr\/index.php\/wp-json\/wp\/v2\/product_tag?post=3424"}],"curies":[{"name":"wp","href":"https:\/\/api.w.org\/{rel}","templated":true}]}}