{"id":3415,"date":"2026-01-07T17:58:45","date_gmt":"2026-01-07T16:58:45","guid":{"rendered":"https:\/\/aimotionevent.fr\/?post_type=product&#038;p=3415"},"modified":"2026-03-27T10:27:52","modified_gmt":"2026-03-27T09:27:52","slug":"machine-a-bulle-filaire-sur-batterie","status":"publish","type":"product","link":"https:\/\/aimotionevent.fr\/index.php\/product\/machine-a-bulle-filaire-sur-batterie\/","title":{"rendered":"Machine \u00e0 bulle  sur batterie"},"content":{"rendered":"<div class=\"short\">MACHINE A BULLES AVEC LED DE COULEURS<\/div>\n<div class=\"carac\">\n<p>Envie d\u2019une animation originale qui ne ressemblera \u00e0 aucune autre ? Cette petite machine \u00e0 bulles est faite pour vous ! Elle vous surprendra par sa production impressionnante de bulles de savon qui tourbillonnent dans l\u2019espace, mises en lumi\u00e8re par 4 LED qui subliment les couleurs des bulles.<\/p>\n<ul>\n<li>\n<ul>\n<li>Roue de bulles \u00e0 savon rotative pour dynamiser l\u2019effet<\/li>\n<\/ul>\n<\/li>\n<\/ul>\n<ul>\n<li>\n<ul>\n<li>Hauteur de projection jusqu\u2019\u00e0 2.50m \u00e0 l\u2019int\u00e9rieur<\/li>\n<\/ul>\n<\/li>\n<\/ul>\n<ul>\n<li>\n<ul>\n<li>Fonctionne sur piles pour une autonomie d\u2019utilisation totale<\/li>\n<\/ul>\n<\/li>\n<\/ul>\n<ul>\n<li>\n<ul>\n<li>T\u00e9l\u00e9commande pour s\u00e9lectionner des programmes lumineux<\/li>\n<\/ul>\n<\/li>\n<\/ul>\n<ul>\n<li>\n<ul>\n<li>Lorsque la machine est plac\u00e9e contre un mur, les LED peuvent fonctionner seules pour cr\u00e9er un \u00e9clairage f\u00e9\u00e9rique<\/li>\n<\/ul>\n<\/li>\n<\/ul>\n<ul>\n<li>\n<ul>\n<li>Des commutateurs DIP permettent de commander plusieurs machines avec la m\u00eame t\u00e9l\u00e9commande et les actionner les unes apr\u00e8s les autres pour cr\u00e9er p.ex. une haie d\u2019honneur lors d\u2019un mariage ou autre \u00e9v\u00e9nement festif.<\/li>\n<\/ul>\n<\/li>\n<\/ul>\n<ul>\n<li>Contient un r\u00e9cipient de 100ml pour le liquide \u00e0 bulles<\/li>\n<\/ul>\n<\/div>\n","protected":false},"excerpt":{"rendered":"<div class=\"short\">MACHINE A BULLES AVEC LED DE COULEURS<\/div>\n<div class=\"carac\">\n<p>Envie d\u2019une animation originale qui ne ressemblera \u00e0 aucune autre ? Cette petite machine \u00e0 bulles est faite pour vous ! Elle vous surprendra par sa production impressionnante de bulles de savon qui tourbillonnent dans l\u2019espace, mises en lumi\u00e8re par 4 LED qui subliment les couleurs des bulles<\/p>\n<\/div>\n<p>Machine lou\u00e9e avec produit.<\/p>\n","protected":false},"featured_media":2914,"comment_status":"open","ping_status":"closed","template":"","meta":{"_eb_attr":"","om_disable_all_campaigns":false,"_monsterinsights_skip_tracking":false,"_monsterinsights_sitenote_active":false,"_monsterinsights_sitenote_note":"","_monsterinsights_sitenote_category":0,"_uf_show_specific_survey":0,"_uf_disable_surveys":false,"_themeisle_gutenberg_block_has_review":false},"product_brand":[],"product_cat":[57,59],"product_tag":[62,87,88,84],"class_list":{"0":"post-3415","1":"product","2":"type-product","3":"status-publish","4":"has-post-thumbnail","6":"product_cat-animation-interactive","7":"product_cat-machine-a-effet","8":"product_tag-animation-interactive","9":"product_tag-bulle","10":"product_tag-machine-a-bulle","11":"product_tag-machine-a-effets","13":"first","14":"instock","15":"purchasable","16":"product-type-simple"},"aioseo_notices":[],"jetpack_sharing_enabled":true,"_links":{"self":[{"href":"https:\/\/aimotionevent.fr\/index.php\/wp-json\/wp\/v2\/product\/3415","targetHints":{"allow":["GET"]}}],"collection":[{"href":"https:\/\/aimotionevent.fr\/index.php\/wp-json\/wp\/v2\/product"}],"about":[{"href":"https:\/\/aimotionevent.fr\/index.php\/wp-json\/wp\/v2\/types\/product"}],"replies":[{"embeddable":true,"href":"https:\/\/aimotionevent.fr\/index.php\/wp-json\/wp\/v2\/comments?post=3415"}],"version-history":[{"count":2,"href":"https:\/\/aimotionevent.fr\/index.php\/wp-json\/wp\/v2\/product\/3415\/revisions"}],"predecessor-version":[{"id":3475,"href":"https:\/\/aimotionevent.fr\/index.php\/wp-json\/wp\/v2\/product\/3415\/revisions\/3475"}],"wp:featuredmedia":[{"embeddable":true,"href":"https:\/\/aimotionevent.fr\/index.php\/wp-json\/wp\/v2\/media\/2914"}],"wp:attachment":[{"href":"https:\/\/aimotionevent.fr\/index.php\/wp-json\/wp\/v2\/media?parent=3415"}],"wp:term":[{"taxonomy":"product_brand","embeddable":true,"href":"https:\/\/aimotionevent.fr\/index.php\/wp-json\/wp\/v2\/product_brand?post=3415"},{"taxonomy":"product_cat","embeddable":true,"href":"https:\/\/aimotionevent.fr\/index.php\/wp-json\/wp\/v2\/product_cat?post=3415"},{"taxonomy":"product_tag","embeddable":true,"href":"https:\/\/aimotionevent.fr\/index.php\/wp-json\/wp\/v2\/product_tag?post=3415"}],"curies":[{"name":"wp","href":"https:\/\/api.w.org\/{rel}","templated":true}]}}