{"id":3405,"date":"2026-01-07T15:44:19","date_gmt":"2026-01-07T14:44:19","guid":{"rendered":"https:\/\/aimotionevent.fr\/?post_type=product&#038;p=3405"},"modified":"2026-02-09T11:28:37","modified_gmt":"2026-02-09T10:28:37","slug":"machineafumeeelourde","status":"publish","type":"product","link":"https:\/\/aimotionevent.fr\/index.php\/product\/machineafumeeelourde\/","title":{"rendered":"Machine \u00e0 fum\u00e9e lourde Gros d\u00e9bit double buse"},"content":{"rendered":"<p>Machine \u00e0<strong> fum\u00e9e Lourde<\/strong> au sol Gros D\u00e9bit, Double Buse<\/p>\n<p>Machine g\u00e9n\u00e9ratrice de <strong>fum\u00e9e basse ou lourde <\/strong>GROS DEBIT, double buse.<br \/>\nElle couvre environ <strong>350 m2<\/strong> en conditions id\u00e9ales, suivant temp\u00e9rature des sols et de la sc\u00e8ne, ainsi que des courants d\u2019air.<\/p>\n<p>Cette machine est un puissant <strong>g\u00e9n\u00e9rateur <\/strong>de fum\u00e9e lourde (3000 Watts) pour la r\u00e9alisation de <strong>tapis de fum\u00e9e au sol ou cascade de fum\u00e9e<\/strong><\/p>\n<div class=\"elementor-element elementor-element-d1c31fb elementor-widget__width-initial elementor-widget elementor-widget-text-editor\" data-id=\"d1c31fb\" data-element_type=\"widget\" data-widget_type=\"text-editor.default\">\n<div>\n<p><strong>Plusieurs mod\u00e8les de machine : <\/strong><\/p>\n<p>de 150m2 \u00e0 330m2<\/p>\n<p>Pour un effet spectaculaire<\/p>\n<p>Disponible aussi :<\/p>\n<p>Machine \u00e0 brouillard, machine \u00e0 fum\u00e9e classique.<\/p>\n<p>Machine \u00e0 fum\u00e9e lourde simple buse : <strong>79 euros TTC<\/strong><\/p>\n<p>Machine \u00e0 fum\u00e9e lourde double buse : <strong>149 euros TTC<\/strong><\/p>\n<\/div>\n<\/div>\n","protected":false},"excerpt":{"rendered":"<div class=\"elementor-element elementor-element-7a25420 elementor-widget elementor-widget-text-editor\" data-id=\"7a25420\" data-element_type=\"widget\" data-widget_type=\"text-editor.default\">\n<div id=\"qpeTitleTag_feature_div\" class=\"celwidget\" data-feature-name=\"qpeTitleTag\" data-csa-c-type=\"widget\" data-csa-c-content-id=\"qpeTitleTag\" data-csa-c-slot-id=\"qpeTitleTag_feature_div\" data-csa-c-asin=\"B0CPPXXRH9\" data-csa-c-is-in-initial-active-row=\"false\" data-cel-widget=\"qpeTitleTag_feature_div\" data-csa-c-id=\"lwt403-oeb0et-fuw8e0-eumzjg\">\n<div>\n<div>\n<div>\n<p><strong>MACHINE A FUMEE LOURDE GROS DEBIT DOUBLE BUSE<\/strong><\/p>\n<\/div>\n<\/div>\n<\/div>\n<\/div>\n<\/div>\n<div class=\"elementor-element elementor-element-d1c31fb elementor-widget__width-initial elementor-widget elementor-widget-text-editor\" data-id=\"d1c31fb\" data-element_type=\"widget\" data-widget_type=\"text-editor.default\">\n<div>\n<p>Un tapis de fum\u00e9e, au sol<\/p>\n<\/div>\n<div>\n<p><strong>Plusieurs mod\u00e8les de machine : <\/strong><\/p>\n<p>de 150m2 \u00e0 330m2<\/p>\n<p>Pour un effet spectaculaire<\/p>\n<p>Disponible aussi :<\/p>\n<p>Machine \u00e0 brouillard, machine \u00e0 fum\u00e9e classique.<\/p>\n<p>Machine \u00e0 fum\u00e9e lourde simple buse : <strong>79 euros TTC<\/strong><\/p>\n<p>Machine \u00e0 fum\u00e9e lourde double buse : <strong>149 euros TTC<\/strong><\/p>\n<\/div>\n<\/div>\n","protected":false},"featured_media":2895,"comment_status":"open","ping_status":"closed","template":"","meta":{"_eb_attr":"","om_disable_all_campaigns":false,"_monsterinsights_skip_tracking":false,"_monsterinsights_sitenote_active":false,"_monsterinsights_sitenote_note":"","_monsterinsights_sitenote_category":0,"_uf_show_specific_survey":0,"_uf_disable_surveys":false,"_themeisle_gutenberg_block_has_review":false},"product_brand":[],"product_cat":[57,59],"product_tag":[62,86,85,83,84],"class_list":{"0":"post-3405","1":"product","2":"type-product","3":"status-publish","4":"has-post-thumbnail","6":"product_cat-animation-interactive","7":"product_cat-machine-a-effet","8":"product_tag-animation-interactive","9":"product_tag-brouillard","10":"product_tag-fumee","11":"product_tag-fumee-lourde","12":"product_tag-machine-a-effets","14":"first","15":"instock","16":"purchasable","17":"product-type-simple"},"aioseo_notices":[],"jetpack_sharing_enabled":true,"_links":{"self":[{"href":"https:\/\/aimotionevent.fr\/index.php\/wp-json\/wp\/v2\/product\/3405","targetHints":{"allow":["GET"]}}],"collection":[{"href":"https:\/\/aimotionevent.fr\/index.php\/wp-json\/wp\/v2\/product"}],"about":[{"href":"https:\/\/aimotionevent.fr\/index.php\/wp-json\/wp\/v2\/types\/product"}],"replies":[{"embeddable":true,"href":"https:\/\/aimotionevent.fr\/index.php\/wp-json\/wp\/v2\/comments?post=3405"}],"version-history":[{"count":1,"href":"https:\/\/aimotionevent.fr\/index.php\/wp-json\/wp\/v2\/product\/3405\/revisions"}],"predecessor-version":[{"id":3407,"href":"https:\/\/aimotionevent.fr\/index.php\/wp-json\/wp\/v2\/product\/3405\/revisions\/3407"}],"wp:featuredmedia":[{"embeddable":true,"href":"https:\/\/aimotionevent.fr\/index.php\/wp-json\/wp\/v2\/media\/2895"}],"wp:attachment":[{"href":"https:\/\/aimotionevent.fr\/index.php\/wp-json\/wp\/v2\/media?parent=3405"}],"wp:term":[{"taxonomy":"product_brand","embeddable":true,"href":"https:\/\/aimotionevent.fr\/index.php\/wp-json\/wp\/v2\/product_brand?post=3405"},{"taxonomy":"product_cat","embeddable":true,"href":"https:\/\/aimotionevent.fr\/index.php\/wp-json\/wp\/v2\/product_cat?post=3405"},{"taxonomy":"product_tag","embeddable":true,"href":"https:\/\/aimotionevent.fr\/index.php\/wp-json\/wp\/v2\/product_tag?post=3405"}],"curies":[{"name":"wp","href":"https:\/\/api.w.org\/{rel}","templated":true}]}}