{"id":3399,"date":"2026-01-07T14:30:24","date_gmt":"2026-01-07T13:30:24","guid":{"rendered":"https:\/\/aimotionevent.fr\/?post_type=product&#038;p=3399"},"modified":"2026-03-22T12:35:08","modified_gmt":"2026-03-22T11:35:08","slug":"feu-dartifice-de-jour","status":"publish","type":"product","link":"https:\/\/aimotionevent.fr\/index.php\/product\/feu-dartifice-de-jour\/","title":{"rendered":"Feu d&rsquo;artifice de jour Diurne"},"content":{"rendered":"<p><i><strong>Les feux d\u2019artifice de jour<\/strong> sont des feu d\u2019artifices<span class=\"Apple-converted-space\">\u00a0 <\/span>couleur con\u00e7us pour \u00eatre lanc\u00e9s pendant la journ\u00e9e, Lancement \u00e0 distance !<\/i><\/p>\n<p class=\"p1\"><span class=\"s1\">Cr\u00e9ez <strong>des moments inoubliables<\/strong> avec ce syst\u00e8me professionnel de <strong>d\u00e9clenchement de feu d\u2019artifice de jour diurne <\/strong>\u00a0de couleurs<\/span><\/p>\n<p class=\"p1\"><strong><span class=\"s2\">Fonctionne en ext\u00e9rieur<\/span><\/strong><span class=\"s1\">\u00a0<\/span><\/p>\n<p class=\"p1\"><span class=\"s1\">\u00a0Parfait pour <strong>mariages<\/strong>, anniversaires, <strong>gender reveal<\/strong> et \u00e9v\u00e9nements professionnels<\/span><\/p>\n<div>\n<div id=\"qpeTitleTag_feature_div\" class=\"celwidget\" data-feature-name=\"qpeTitleTag\" data-csa-c-type=\"widget\" data-csa-c-content-id=\"qpeTitleTag\" data-csa-c-slot-id=\"qpeTitleTag_feature_div\" data-csa-c-asin=\"B0CPPXXRH9\" data-csa-c-is-in-initial-active-row=\"false\" data-cel-widget=\"qpeTitleTag_feature_div\" data-csa-c-id=\"lwt403-oeb0et-fuw8e0-eumzjg\">\n<div>\n<p><strong>Plusieurs formules : <\/strong><\/p>\n<p>4 \u00a08 16 jets ou +<\/p>\n<p>D\u00e9clenchement \u00e0 distance !<\/p>\n<p>Choix de \u00a0couleurs \u00a0(nous consulter)<\/p>\n<p class=\"p1\"><span class=\"s1\">Tarifs indicatifs TTC :<\/span><\/p>\n<ul>\n<li>\n<p class=\"p1\"><span class=\"s1\">4 jets simultan\u00e9s : <\/span><span class=\"s2\">300 \u20ac<\/span><\/p>\n<\/li>\n<li>\n<p class=\"p1\"><span class=\"s1\">6 jets simultan\u00e9s : <\/span><span class=\"s2\">420 \u20ac<\/span><\/p>\n<\/li>\n<li>\n<p class=\"p1\"><span class=\"s1\">8 jets simultan\u00e9s : <\/span><span class=\"s2\">560 \u20ac<\/span><\/p>\n<\/li>\n<li>\n<p class=\"p1\"><span class=\"s1\">12 jets simultan\u00e9s : <\/span><span class=\"s2\">840 \u20ac<\/span><\/p>\n<\/li>\n<li>\n<p class=\"p1\"><span class=\"s1\">16 jets simultan\u00e9s : <\/span><span class=\"s2\">1 120 \u20ac<\/span><\/p>\n<\/li>\n<\/ul>\n<\/div>\n<\/div>\n<\/div>\n<p>&nbsp;<\/p>\n","protected":false},"excerpt":{"rendered":"<div>\n<div id=\"qpeTitleTag_feature_div\" class=\"celwidget\" data-feature-name=\"qpeTitleTag\" data-csa-c-type=\"widget\" data-csa-c-content-id=\"qpeTitleTag\" data-csa-c-slot-id=\"qpeTitleTag_feature_div\" data-csa-c-asin=\"B0CPPXXRH9\" data-csa-c-is-in-initial-active-row=\"false\" data-cel-widget=\"qpeTitleTag_feature_div\" data-csa-c-id=\"lwt403-oeb0et-fuw8e0-eumzjg\">\n<div><\/div>\n<\/div>\n<\/div>\n<div>\n<div>\n<p style=\"text-align: left\"><i><strong>Les feux d\u2019artifice de jour<\/strong> sont des feu d\u2019artifices<span class=\"Apple-converted-space\">\u00a0 <\/span>couleur con\u00e7us pour \u00eatre lanc\u00e9s pendant la journ\u00e9e, Lancement \u00e0 distance !<\/i><\/p>\n<p class=\"p1\"><span class=\"s1\">Cr\u00e9ez <strong>des moments inoubliables<\/strong> avec ce syst\u00e8me professionnel de <strong>d\u00e9clenchement de feu d&rsquo;artifice de jour diurne <\/strong>\u00a0de couleurs<\/span><\/p>\n<p class=\"p1\"><strong><span class=\"s2\">Fonctionne en ext\u00e9rieur<\/span><\/strong><span class=\"s1\">\u00a0<\/span><\/p>\n<p class=\"p1\"><span class=\"s1\">\u00a0Parfait pour <strong>mariages<\/strong>, anniversaires, <strong>gender reveal<\/strong> et \u00e9v\u00e9nements professionnels<\/span><\/p>\n<div>\n<div id=\"qpeTitleTag_feature_div\" class=\"celwidget\" data-feature-name=\"qpeTitleTag\" data-csa-c-type=\"widget\" data-csa-c-content-id=\"qpeTitleTag\" data-csa-c-slot-id=\"qpeTitleTag_feature_div\" data-csa-c-asin=\"B0CPPXXRH9\" data-csa-c-is-in-initial-active-row=\"false\" data-cel-widget=\"qpeTitleTag_feature_div\" data-csa-c-id=\"lwt403-oeb0et-fuw8e0-eumzjg\">\n<div>\n<p>Choix de \u00a0couleurs \u00a0(nous consulter)<\/p>\n<\/div>\n<\/div>\n<\/div>\n<div>\n<p class=\"p1\"><span class=\"s1\">Tarifs indicatifs TTC :<\/span><\/p>\n<ul>\n<li>\n<p class=\"p1\"><span class=\"s1\">4 jets simultan\u00e9s : <\/span><span class=\"s2\">300 \u20ac<\/span><\/p>\n<\/li>\n<li>\n<p class=\"p1\"><span class=\"s1\">6 jets simultan\u00e9s : <\/span><span class=\"s2\">420 \u20ac<\/span><\/p>\n<\/li>\n<li>\n<p class=\"p1\"><span class=\"s1\">8 jets simultan\u00e9s : <\/span><span class=\"s2\">560 \u20ac<\/span><\/p>\n<\/li>\n<li>\n<p class=\"p1\"><span class=\"s1\">12 jets simultan\u00e9s : <\/span><span class=\"s2\">840 \u20ac<\/span><\/p>\n<\/li>\n<li>\n<p class=\"p1\"><span class=\"s1\">16 jets simultan\u00e9s : <\/span><span class=\"s2\">1 120 \u20ac<\/span><\/p>\n<\/li>\n<\/ul>\n<\/div>\n<\/div>\n<p>&nbsp;<\/p>\n<\/div>\n","protected":false},"featured_media":3001,"comment_status":"open","ping_status":"closed","template":"","meta":{"_eb_attr":"","om_disable_all_campaigns":false,"_monsterinsights_skip_tracking":false,"_monsterinsights_sitenote_active":false,"_monsterinsights_sitenote_note":"","_monsterinsights_sitenote_category":0,"_uf_show_specific_survey":0,"_uf_disable_surveys":false,"_themeisle_gutenberg_block_has_review":false},"product_brand":[],"product_cat":[57,59],"product_tag":[62,80,76,74,81,79,78,82],"class_list":{"0":"post-3399","1":"product","2":"type-product","3":"status-publish","4":"has-post-thumbnail","6":"product_cat-animation-interactive","7":"product_cat-machine-a-effet","8":"product_tag-animation-interactive","9":"product_tag-canon-a-poudre","10":"product_tag-decoration","11":"product_tag-explosifs","12":"product_tag-lanceur-de-poudre","13":"product_tag-poudre","14":"product_tag-poudre-de-couleur","15":"product_tag-poudre-holi","17":"first","18":"instock","19":"purchasable","20":"product-type-simple"},"aioseo_notices":[],"jetpack_sharing_enabled":true,"_links":{"self":[{"href":"https:\/\/aimotionevent.fr\/index.php\/wp-json\/wp\/v2\/product\/3399","targetHints":{"allow":["GET"]}}],"collection":[{"href":"https:\/\/aimotionevent.fr\/index.php\/wp-json\/wp\/v2\/product"}],"about":[{"href":"https:\/\/aimotionevent.fr\/index.php\/wp-json\/wp\/v2\/types\/product"}],"replies":[{"embeddable":true,"href":"https:\/\/aimotionevent.fr\/index.php\/wp-json\/wp\/v2\/comments?post=3399"}],"version-history":[{"count":4,"href":"https:\/\/aimotionevent.fr\/index.php\/wp-json\/wp\/v2\/product\/3399\/revisions"}],"predecessor-version":[{"id":3977,"href":"https:\/\/aimotionevent.fr\/index.php\/wp-json\/wp\/v2\/product\/3399\/revisions\/3977"}],"wp:featuredmedia":[{"embeddable":true,"href":"https:\/\/aimotionevent.fr\/index.php\/wp-json\/wp\/v2\/media\/3001"}],"wp:attachment":[{"href":"https:\/\/aimotionevent.fr\/index.php\/wp-json\/wp\/v2\/media?parent=3399"}],"wp:term":[{"taxonomy":"product_brand","embeddable":true,"href":"https:\/\/aimotionevent.fr\/index.php\/wp-json\/wp\/v2\/product_brand?post=3399"},{"taxonomy":"product_cat","embeddable":true,"href":"https:\/\/aimotionevent.fr\/index.php\/wp-json\/wp\/v2\/product_cat?post=3399"},{"taxonomy":"product_tag","embeddable":true,"href":"https:\/\/aimotionevent.fr\/index.php\/wp-json\/wp\/v2\/product_tag?post=3399"}],"curies":[{"name":"wp","href":"https:\/\/api.w.org\/{rel}","templated":true}]}}