{"id":3395,"date":"2026-01-07T14:09:47","date_gmt":"2026-01-07T13:09:47","guid":{"rendered":"https:\/\/aimotionevent.fr\/?post_type=product&#038;p=3395"},"modified":"2026-03-28T00:57:44","modified_gmt":"2026-03-27T23:57:44","slug":"canon-a-poudre-gender-reveal","status":"publish","type":"product","link":"https:\/\/aimotionevent.fr\/index.php\/product\/canon-a-poudre-gender-reveal\/","title":{"rendered":"Canon \u00e0 Poudre \/ Gender Reveal"},"content":{"rendered":"<h6><b>La gender reveal est l\u2019\u00e9v\u00e9nement qui va vous permettre de r\u00e9v\u00e9ler \u00e0 vos proches s\u2019il s\u2019agit d\u2019une fille ou d\u2019un gar\u00e7on de fa\u00e7on spectaculaire<\/b>.<\/h6>\n<h6>La<strong> gender reveal<\/strong> s\u2019organise avant la naissance du b\u00e9b\u00e9 entre le troisi\u00e8me et le huiti\u00e8me mois de grossesse.<\/h6>\n<h6 class=\"p1\"><span class=\"s1\">Cr\u00e9ez <strong>des moments inoubliables<\/strong> avec ce syst\u00e8me professionnel de <strong>d\u00e9clenchement de poudre<\/strong> de couleurs<\/span><\/h6>\n<h6 class=\"p1\"><span class=\"s2\">D\u00e9clenchement <strong>par les parents<\/strong>, avec notre bouton \u00e0 distance.<\/span><\/h6>\n<h6><img decoding=\"async\" class=\" wp-image-2879\" src=\"https:\/\/aimotionevent.fr\/wp-content\/uploads\/2025\/12\/IMG_7185-300x278.jpg\" alt=\"\" width=\"58\" height=\"54\" srcset=\"https:\/\/aimotionevent.fr\/wp-content\/uploads\/2025\/12\/IMG_7185-300x278.jpg 300w, https:\/\/aimotionevent.fr\/wp-content\/uploads\/2025\/12\/IMG_7185-1024x948.jpg 1024w, https:\/\/aimotionevent.fr\/wp-content\/uploads\/2025\/12\/IMG_7185-768x711.jpg 768w, https:\/\/aimotionevent.fr\/wp-content\/uploads\/2025\/12\/IMG_7185-600x555.jpg 600w, https:\/\/aimotionevent.fr\/wp-content\/uploads\/2025\/12\/IMG_7185.jpg 1050w\" sizes=\"(max-width: 58px) 100vw, 58px\" \/><\/h6>\n<h6 class=\"p1\"><span class=\"s1\">Fonctionne <\/span><strong><span class=\"s2\">en ext\u00e9rieur<\/span><\/strong><span class=\"s1\">\u00a0<\/span><\/h6>\n<h6 class=\"p1\"><span class=\"s1\">\u00a0Parfait pour <strong>mariages<\/strong>, anniversaires, <strong>gender reveal<\/strong> et \u00e9v\u00e9nements professionnels.<\/span><\/h6>\n","protected":false},"excerpt":{"rendered":"<div>\n<div id=\"qpeTitleTag_feature_div\" class=\"celwidget\" data-feature-name=\"qpeTitleTag\" data-csa-c-type=\"widget\" data-csa-c-content-id=\"qpeTitleTag\" data-csa-c-slot-id=\"qpeTitleTag_feature_div\" data-csa-c-asin=\"B0CPPXXRH9\" data-csa-c-is-in-initial-active-row=\"false\" data-cel-widget=\"qpeTitleTag_feature_div\" data-csa-c-id=\"lwt403-oeb0et-fuw8e0-eumzjg\">\n<div>\n<div>Id\u00e9al pour Gender Reveal (r\u00e9v\u00e9lation Genre b\u00e9b\u00e9)<\/div>\n<\/div>\n<\/div>\n<\/div>\n<div>\n<div>\n<p><strong>Plusieurs formules : <\/strong><\/p>\n<p>4 ou 8 jets \u00a0Bleu ou rose<\/p>\n<p>Explosion \u00e0 distance !<\/p>\n<p class=\"p1\"><span class=\"s2\">D\u00e9clenchement <strong>par les parents<\/strong>, avec notre bouton \u00e0 distance.<\/span><\/p>\n<p><img decoding=\"async\" class=\" wp-image-2879\" src=\"https:\/\/aimotionevent.fr\/wp-content\/uploads\/2025\/12\/IMG_7185-300x278.jpg\" alt=\"\" width=\"58\" height=\"54\" srcset=\"https:\/\/aimotionevent.fr\/wp-content\/uploads\/2025\/12\/IMG_7185-300x278.jpg 300w, https:\/\/aimotionevent.fr\/wp-content\/uploads\/2025\/12\/IMG_7185-1024x948.jpg 1024w, https:\/\/aimotionevent.fr\/wp-content\/uploads\/2025\/12\/IMG_7185-768x711.jpg 768w, https:\/\/aimotionevent.fr\/wp-content\/uploads\/2025\/12\/IMG_7185-600x555.jpg 600w, https:\/\/aimotionevent.fr\/wp-content\/uploads\/2025\/12\/IMG_7185.jpg 1050w\" sizes=\"(max-width: 58px) 100vw, 58px\" \/><\/p>\n<p class=\"p1\"><span class=\"s1\">Fonctionne <\/span><strong><span class=\"s2\">en ext\u00e9rieur<\/span><\/strong><\/p>\n<p>Autres couleurs possibles (nous consulter)<\/p>\n<\/div>\n<p>4 jets : <strong>200 euros TTC<\/strong><\/p>\n<p>8 jets : <strong>400 euros TTC<\/strong><\/p>\n<\/div>\n","protected":false},"featured_media":2869,"comment_status":"open","ping_status":"closed","template":"","meta":{"_eb_attr":"","om_disable_all_campaigns":false,"_monsterinsights_skip_tracking":false,"_monsterinsights_sitenote_active":false,"_monsterinsights_sitenote_note":"","_monsterinsights_sitenote_category":0,"_uf_show_specific_survey":0,"_uf_disable_surveys":false,"_themeisle_gutenberg_block_has_review":false},"product_brand":[],"product_cat":[57,59],"product_tag":[62,80,76,74,81,79,78,82],"class_list":{"0":"post-3395","1":"product","2":"type-product","3":"status-publish","4":"has-post-thumbnail","6":"product_cat-animation-interactive","7":"product_cat-machine-a-effet","8":"product_tag-animation-interactive","9":"product_tag-canon-a-poudre","10":"product_tag-decoration","11":"product_tag-explosifs","12":"product_tag-lanceur-de-poudre","13":"product_tag-poudre","14":"product_tag-poudre-de-couleur","15":"product_tag-poudre-holi","17":"first","18":"instock","19":"purchasable","20":"product-type-simple"},"aioseo_notices":[],"jetpack_sharing_enabled":true,"_links":{"self":[{"href":"https:\/\/aimotionevent.fr\/index.php\/wp-json\/wp\/v2\/product\/3395","targetHints":{"allow":["GET"]}}],"collection":[{"href":"https:\/\/aimotionevent.fr\/index.php\/wp-json\/wp\/v2\/product"}],"about":[{"href":"https:\/\/aimotionevent.fr\/index.php\/wp-json\/wp\/v2\/types\/product"}],"replies":[{"embeddable":true,"href":"https:\/\/aimotionevent.fr\/index.php\/wp-json\/wp\/v2\/comments?post=3395"}],"version-history":[{"count":4,"href":"https:\/\/aimotionevent.fr\/index.php\/wp-json\/wp\/v2\/product\/3395\/revisions"}],"predecessor-version":[{"id":3976,"href":"https:\/\/aimotionevent.fr\/index.php\/wp-json\/wp\/v2\/product\/3395\/revisions\/3976"}],"wp:featuredmedia":[{"embeddable":true,"href":"https:\/\/aimotionevent.fr\/index.php\/wp-json\/wp\/v2\/media\/2869"}],"wp:attachment":[{"href":"https:\/\/aimotionevent.fr\/index.php\/wp-json\/wp\/v2\/media?parent=3395"}],"wp:term":[{"taxonomy":"product_brand","embeddable":true,"href":"https:\/\/aimotionevent.fr\/index.php\/wp-json\/wp\/v2\/product_brand?post=3395"},{"taxonomy":"product_cat","embeddable":true,"href":"https:\/\/aimotionevent.fr\/index.php\/wp-json\/wp\/v2\/product_cat?post=3395"},{"taxonomy":"product_tag","embeddable":true,"href":"https:\/\/aimotionevent.fr\/index.php\/wp-json\/wp\/v2\/product_tag?post=3395"}],"curies":[{"name":"wp","href":"https:\/\/api.w.org\/{rel}","templated":true}]}}