{"id":3393,"date":"2026-01-06T23:37:20","date_gmt":"2026-01-06T22:37:20","guid":{"rendered":"https:\/\/aimotionevent.fr\/?post_type=product&#038;p=3393"},"modified":"2026-03-22T12:34:21","modified_gmt":"2026-03-22T11:34:21","slug":"boule-geante-reflechissante","status":"publish","type":"product","link":"https:\/\/aimotionevent.fr\/index.php\/product\/boule-geante-reflechissante\/","title":{"rendered":"Boule g\u00e9ante r\u00e9fl\u00e9chissante"},"content":{"rendered":"<h6 class=\"p1\"><span class=\"s1\">Fonctionne <\/span><strong><span class=\"s2\">en int\u00e9rieur<\/span><\/strong><span class=\"s1\"> avec ballons \u00e0 <strong>l\u2019h\u00e9lium<\/strong> ou <\/span><span class=\"s2\">en ext\u00e9rieur<\/span><span class=\"s1\">, <strong>au sol ou suspendu<\/strong>.<\/span><\/h6>\n<h6 class=\"p1\"><span class=\"s1\">Compatible <\/span><span class=\"s2\">ballons en latex<\/span><span class=\"s1\"> \u2013 parfait pour <strong>mariages<\/strong>, anniversaires, <strong>gender reveal<\/strong> et \u00e9v\u00e9nements professionnels<\/span><\/h6>\n<div>\n<h6>Id\u00e9al pour une ouverture de bal de mariage<\/h6>\n<\/div>\n<div>\n<h6 align=\"start\"><span id=\"tl_2\">Les boules<strong> miroirs<\/strong> gonflables sont devenus un excellent outil de <strong>d\u00e9coration<\/strong> et de <strong>publicit\u00e9<\/strong> .<\/span><\/h6>\n<div align=\"start\">\n<div align=\"start\">\n<h6 align=\"start\"><span id=\"tl_3\">Un moyen <strong>d\u2019attirer l\u2019attention<\/strong> pour votre marque ou votre entreprise.<\/span><\/h6>\n<h6 align=\"start\"><span id=\"tl_3\">Ces <strong>structures gonflables<\/strong> publicitaires ext\u00e9rieures durables sont visibles <\/span><span id=\"tl_4\">\u00e0 des kilom\u00e8tres d\u2019ouverture de magasins, <strong>\u00e9v\u00e9nements sportifs<\/strong>, salons professionnels, foires et bien d\u2019autres \u00e9v\u00e9nements marketing.<\/span><\/h6>\n<h6 align=\"start\">C\u2019est \u00e9galement une <strong>d\u00e9coration superbe <\/strong>pour les <strong>mariages<\/strong> et \u00e9v\u00e9nements priv\u00e9s<\/h6>\n<\/div>\n<\/div>\n<\/div>\n<p>&nbsp;<\/p>\n","protected":false},"excerpt":{"rendered":"<div>\n<div id=\"qpeTitleTag_feature_div\" class=\"celwidget\" data-feature-name=\"qpeTitleTag\" data-csa-c-type=\"widget\" data-csa-c-content-id=\"qpeTitleTag\" data-csa-c-slot-id=\"qpeTitleTag_feature_div\" data-csa-c-asin=\"B0CPPXXRH9\" data-csa-c-is-in-initial-active-row=\"false\" data-cel-widget=\"qpeTitleTag_feature_div\" data-csa-c-id=\"lwt403-oeb0et-fuw8e0-eumzjg\">\n<div>\n<div>\n<div><strong>BOULES GEANTES GONFLABLES REFLECHISSANTES<\/strong><\/div>\n<\/div>\n<\/div>\n<\/div>\n<p><strong><strong>La d\u00e9co XXL<\/strong><\/strong><\/p>\n<div>\n<p>Offrez vous <strong>une d\u00e9co g\u00e9ante<\/strong><\/p>\n<\/div>\n<div>\n<p><strong>Plusieurs tailles : <\/strong><\/p>\n<p>0,5M \u2013 0,80M \u2013 1M \u2013 1,20M \u2013 1,50M<\/p>\n<p>Pour <strong>d\u2019autres tailles<\/strong> ( jusqu\u2019\u00e0 <strong>3m<\/strong> et couleur) nous consulter<\/p>\n<\/div>\n<\/div>\n<div>\n<p>BALLONS 0,50m : <strong>50 euros TTC<\/strong><\/p>\n<p>BALLONS 0,80m : <strong>70 euros TTC<\/strong><\/p>\n<p>BALLONS \u00a01 m : <strong>100 euros TTC<\/strong><\/p>\n<p><strong>B<\/strong>ALLONS \u00a01,20m : <strong>150 euros TTC<\/strong><\/p>\n<p>BALLONS 1,50m : <strong>220 euros TTC<\/strong><\/p>\n<p>&nbsp;<\/p>\n<\/div>\n","protected":false},"featured_media":1042,"comment_status":"open","ping_status":"closed","template":"","meta":{"_eb_attr":"","om_disable_all_campaigns":false,"_monsterinsights_skip_tracking":false,"_monsterinsights_sitenote_active":false,"_monsterinsights_sitenote_note":"","_monsterinsights_sitenote_category":0,"_uf_show_specific_survey":0,"_uf_disable_surveys":false,"_themeisle_gutenberg_block_has_review":false},"product_brand":[],"product_cat":[57,58],"product_tag":[62,73,77,76,74,75],"class_list":{"0":"post-3393","1":"product","2":"type-product","3":"status-publish","4":"has-post-thumbnail","6":"product_cat-animation-interactive","7":"product_cat-decoration","8":"product_tag-animation-interactive","9":"product_tag-ballons","10":"product_tag-boule-geante","11":"product_tag-decoration","12":"product_tag-explosifs","13":"product_tag-helium","15":"first","16":"instock","17":"purchasable","18":"product-type-simple"},"aioseo_notices":[],"jetpack_sharing_enabled":true,"_links":{"self":[{"href":"https:\/\/aimotionevent.fr\/index.php\/wp-json\/wp\/v2\/product\/3393","targetHints":{"allow":["GET"]}}],"collection":[{"href":"https:\/\/aimotionevent.fr\/index.php\/wp-json\/wp\/v2\/product"}],"about":[{"href":"https:\/\/aimotionevent.fr\/index.php\/wp-json\/wp\/v2\/types\/product"}],"replies":[{"embeddable":true,"href":"https:\/\/aimotionevent.fr\/index.php\/wp-json\/wp\/v2\/comments?post=3393"}],"version-history":[{"count":3,"href":"https:\/\/aimotionevent.fr\/index.php\/wp-json\/wp\/v2\/product\/3393\/revisions"}],"predecessor-version":[{"id":4028,"href":"https:\/\/aimotionevent.fr\/index.php\/wp-json\/wp\/v2\/product\/3393\/revisions\/4028"}],"wp:featuredmedia":[{"embeddable":true,"href":"https:\/\/aimotionevent.fr\/index.php\/wp-json\/wp\/v2\/media\/1042"}],"wp:attachment":[{"href":"https:\/\/aimotionevent.fr\/index.php\/wp-json\/wp\/v2\/media?parent=3393"}],"wp:term":[{"taxonomy":"product_brand","embeddable":true,"href":"https:\/\/aimotionevent.fr\/index.php\/wp-json\/wp\/v2\/product_brand?post=3393"},{"taxonomy":"product_cat","embeddable":true,"href":"https:\/\/aimotionevent.fr\/index.php\/wp-json\/wp\/v2\/product_cat?post=3393"},{"taxonomy":"product_tag","embeddable":true,"href":"https:\/\/aimotionevent.fr\/index.php\/wp-json\/wp\/v2\/product_tag?post=3393"}],"curies":[{"name":"wp","href":"https:\/\/api.w.org\/{rel}","templated":true}]}}