{"id":3334,"date":"2026-01-06T15:53:52","date_gmt":"2026-01-06T14:53:52","guid":{"rendered":"https:\/\/aimotionevent.fr\/?post_type=product&#038;p=3334"},"modified":"2026-02-09T11:29:46","modified_gmt":"2026-02-09T10:29:46","slug":"photobooth-aimotion-excellence-pack","status":"publish","type":"product","link":"https:\/\/aimotionevent.fr\/index.php\/product\/photobooth-aimotion-excellence-pack\/","title":{"rendered":"Photobooth Aimotion &#8211; Excellence Pack"},"content":{"rendered":"<h6>Photobooth derni\u00e8re g\u00e9n\u00e9ration. <em><span class=\"s3\">Qualit\u00e9 d\u2019image &amp; mat\u00e9riel professionnel.<\/span><\/em> <em><span class=\"s3\">Impression &amp; supports premium &#8211; <\/span><\/em><em><span class=\"s3\">Personnalisation &amp; exp\u00e9rience utilisateur &#8211; <\/span><\/em><em><span class=\"s3\">Formats &amp; contenus dynamiques<\/span><\/em> <em><span class=\"s3\">Partage &amp; diffusion instantan\u00e9e &#8211; <\/span><\/em><em><span class=\"s3\">Fonctionnalit\u00e9s avanc\u00e9e<\/span><strong><span class=\"s3\">s <\/span><\/strong><\/em><\/h6>\n<ul>\n<li>\n<h6><span class=\"s2\"><strong>600 impressions papier <\/strong>(format 10\u00d715 cm)<\/span><\/h6>\n<\/li>\n<li>\n<h6 class=\"body\" dir=\"auto\"><strong>Personnel pour vous accompagner \u00a0<\/strong>(pendant l\u2019\u00e9v\u00e8nement)<\/h6>\n<\/li>\n<li>\n<h6><strong>Sonorisation, \u00e9clairage <\/strong><\/h6>\n<\/li>\n<li>\n<h6><strong>Nous consulter <\/strong>(offre clef en main)<\/h6>\n<\/li>\n<li>\n<h6><strong>D\u00e9cor premium au choix <\/strong>(mur floral, mur uni, mur rideau satin&#8230;)<\/h6>\n<\/li>\n<li>\n<h6><b>Livre d&rsquo;or photo souvenir <\/b>(avec crayons or et argent)<\/h6>\n<\/li>\n<li style=\"text-align: left\">\n<h6 class=\"body\" dir=\"auto\">Photos num\u00e9riques illimit\u00e9es en ligne<\/h6>\n<\/li>\n<li style=\"text-align: left\">\n<h6 class=\"body\" dir=\"auto\">Cadre et pr\u00e9sentation personnalis\u00e9e (pr\u00e9noms, date, logo, th\u00e8me\u2026)<\/h6>\n<\/li>\n<li style=\"text-align: left\">\n<h6 class=\"body\" dir=\"auto\">D\u00e9cor : Potelets et tapis rouge<\/h6>\n<\/li>\n<li style=\"text-align: left\">\n<h6 class=\"body\" dir=\"auto\">Accessoires vari\u00e9s<\/h6>\n<\/li>\n<li>\n<h6 class=\"body\" dir=\"auto\" style=\"text-align: left\"><strong>Livraison, installation et reprise<\/strong> (Gratuit 30km<\/h6>\n<\/li>\n<li>\n<h6 class=\"body\" dir=\"auto\" style=\"text-align: left\"><span style=\"font-size: 16px\">Option <\/span><strong style=\"font-size: 16px\">150 photos<\/strong><span style=\"font-size: 16px\"> suppl\u00e9mentaires : <\/span><strong style=\"font-size: 16px\">82 euros TTC<\/strong><\/h6>\n<\/li>\n<\/ul>\n","protected":false},"excerpt":{"rendered":"<p>Photobooth derni\u00e8re g\u00e9n\u00e9ration &#8211; EXCELLENCE PACK <span class=\"s2\">Dot\u00e9 des <\/span><span class=\"s3\"><strong>technologies<\/strong> les plus avanc\u00e9es<\/span><span class=\"s2\">, ce photobooth offre une exp\u00e9rience photo compl\u00e8te, <strong>fluide<\/strong> et r\u00e9solument haut de gamme.<br \/>\n<\/span><\/p>\n<ul>\n<li><span class=\"s2\"><strong>600 impressions papier <\/strong>(format 10\u00d715 cm)<\/span><\/li>\n<li>\n<p class=\"body\" dir=\"auto\"><strong>Personnel pour vous accompagner \u00a0<\/strong>(pendant l\u2019\u00e9v\u00e8nement)<\/p>\n<\/li>\n<li><strong>Sonorisation, \u00e9clairage <\/strong><\/li>\n<li><strong>Nous consulter <\/strong>(offre clef en main)<\/li>\n<\/ul>\n<ul>\n<li><strong>D\u00e9cor premium au choix <\/strong>(mur floral, mur uni, mur rideau satin&#8230;)<\/li>\n<li><b>Livre d&rsquo;or photo souvenir <\/b>(avec crayons or et argent)<\/li>\n<li>\n<pre class=\"body\" dir=\"auto\"><strong>Photos num\u00e9riques illimit\u00e9es<\/strong> en ligne<\/pre>\n<\/li>\n<li>\n<pre class=\"body\" dir=\"auto\"><strong>Cadre et pr\u00e9sentation personnalis\u00e9e<\/strong> (pr\u00e9noms, date, logo, th\u00e8me\u2026)<\/pre>\n<\/li>\n<li>\n<pre class=\"body\" dir=\"auto\"><strong>D\u00e9cor <\/strong>: Potelets et tapis rouge<\/pre>\n<\/li>\n<li>\n<pre class=\"body\" dir=\"auto\"><strong>Accessoires vari\u00e9s\u00a0<\/strong><\/pre>\n<\/li>\n<li><strong>Livraison, installation et reprise<\/strong> (Gratuit 30km)<\/li>\n<li>Option <strong>150 photos<\/strong> suppl\u00e9mentaires : <strong>82 euros TTC<\/strong><\/li>\n<\/ul>\n<p>&nbsp;<\/p>\n","protected":false},"featured_media":3315,"comment_status":"open","ping_status":"closed","template":"","meta":{"_eb_attr":"","om_disable_all_campaigns":false,"_monsterinsights_skip_tracking":false,"_monsterinsights_sitenote_active":false,"_monsterinsights_sitenote_note":"","_monsterinsights_sitenote_category":0,"_uf_show_specific_survey":0,"_uf_disable_surveys":false,"_themeisle_gutenberg_block_has_review":false},"product_brand":[],"product_cat":[57,44],"product_tag":[62,115,63,65,61,64],"class_list":{"0":"post-3334","1":"product","2":"type-product","3":"status-publish","4":"has-post-thumbnail","6":"product_cat-animation-interactive","7":"product_cat-photobooth","8":"product_tag-animation-interactive","9":"product_tag-borne-a-selfie","10":"product_tag-impression","11":"product_tag-photo","12":"product_tag-photobooth","13":"product_tag-selfie-photo","15":"first","16":"instock","17":"sold-individually","18":"purchasable","19":"product-type-simple"},"aioseo_notices":[],"jetpack_sharing_enabled":true,"_links":{"self":[{"href":"https:\/\/aimotionevent.fr\/index.php\/wp-json\/wp\/v2\/product\/3334","targetHints":{"allow":["GET"]}}],"collection":[{"href":"https:\/\/aimotionevent.fr\/index.php\/wp-json\/wp\/v2\/product"}],"about":[{"href":"https:\/\/aimotionevent.fr\/index.php\/wp-json\/wp\/v2\/types\/product"}],"replies":[{"embeddable":true,"href":"https:\/\/aimotionevent.fr\/index.php\/wp-json\/wp\/v2\/comments?post=3334"}],"version-history":[{"count":4,"href":"https:\/\/aimotionevent.fr\/index.php\/wp-json\/wp\/v2\/product\/3334\/revisions"}],"predecessor-version":[{"id":3979,"href":"https:\/\/aimotionevent.fr\/index.php\/wp-json\/wp\/v2\/product\/3334\/revisions\/3979"}],"wp:featuredmedia":[{"embeddable":true,"href":"https:\/\/aimotionevent.fr\/index.php\/wp-json\/wp\/v2\/media\/3315"}],"wp:attachment":[{"href":"https:\/\/aimotionevent.fr\/index.php\/wp-json\/wp\/v2\/media?parent=3334"}],"wp:term":[{"taxonomy":"product_brand","embeddable":true,"href":"https:\/\/aimotionevent.fr\/index.php\/wp-json\/wp\/v2\/product_brand?post=3334"},{"taxonomy":"product_cat","embeddable":true,"href":"https:\/\/aimotionevent.fr\/index.php\/wp-json\/wp\/v2\/product_cat?post=3334"},{"taxonomy":"product_tag","embeddable":true,"href":"https:\/\/aimotionevent.fr\/index.php\/wp-json\/wp\/v2\/product_tag?post=3334"}],"curies":[{"name":"wp","href":"https:\/\/api.w.org\/{rel}","templated":true}]}}