{"id":3324,"date":"2026-01-06T14:45:34","date_gmt":"2026-01-06T13:45:34","guid":{"rendered":"https:\/\/aimotionevent.fr\/?post_type=product&#038;p=3324"},"modified":"2026-02-09T11:30:34","modified_gmt":"2026-02-09T10:30:34","slug":"photobooth-miroir-magique-excellence-pack","status":"publish","type":"product","link":"https:\/\/aimotionevent.fr\/index.php\/product\/photobooth-miroir-magique-excellence-pack\/","title":{"rendered":"Photobooth Miroir Magique &#8211; Excellence Pack"},"content":{"rendered":"<h6>Un Miroir Selfie pour votre \u00e9v\u00e8nement <strong>EXCELLENCE PACK<\/strong><\/h6>\n<ul>\n<li class=\"body\" dir=\"auto\">\n<h6><strong>600 impressions papier <\/strong>(format 10\u00d715 cm)<\/h6>\n<\/li>\n<li class=\"body\" dir=\"auto\">\n<h6><strong>Personnel pour vos accompagner <\/strong>(forfait 2h pendant l&rsquo;\u00e9v\u00e9nement)<\/h6>\n<\/li>\n<li class=\"body\" dir=\"auto\">\n<h6><strong>Sonorisation \u00e9clairage<\/strong><\/h6>\n<\/li>\n<li class=\"body\" dir=\"auto\">\n<h6><strong>Offre clef en main \u00a0<\/strong>(nous consulter)<\/h6>\n<\/li>\n<li>\n<h6><strong>D\u00e9cor premium au choix <\/strong>(mur floral, uni, rideau satin&#8230;.)<\/h6>\n<\/li>\n<li>\n<h6><strong>Livre d&rsquo;or photo souvenir <\/strong>(avec crayons or et argent)<\/h6>\n<\/li>\n<li>\n<h6 class=\"body\" dir=\"auto\"><strong>Photos num\u00e9riques illimit\u00e9es<\/strong> en ligne<\/h6>\n<\/li>\n<li>\n<h6 class=\"body\" dir=\"auto\"><strong>Cadre et pr\u00e9sentation personnalis\u00e9e<\/strong> (pr\u00e9noms, date, logo, th\u00e8me\u2026)<\/h6>\n<\/li>\n<li class=\"body\" dir=\"auto\">\n<h6>exceptionnelle.<\/h6>\n<\/li>\n<li>\n<h6 class=\"body\" dir=\"auto\"><strong>D\u00e9cor <\/strong>: Potelets et tapis rouge<\/h6>\n<\/li>\n<li>\n<h6 class=\"body\" dir=\"auto\"><strong>Accessoires vari\u00e9s\u00a0<\/strong><\/h6>\n<\/li>\n<li class=\"body\" dir=\"auto\">\n<h6><strong>Livraison, installation et reprise<\/strong> (Gratuit 30km)Le miroir <strong>Magique<\/strong> est une borne photo <strong>interactive tactile <\/strong>qui capture vos meilleurs moments en photo, vid\u00e9o ou GIF, avec une qualit\u00e9<\/h6>\n<\/li>\n<\/ul>\n<p><span class=\"s2\">Il peut photographier une ou\u00a0<strong>plusieurs personnes<\/strong>\u00a0en entier, pour des souvenirs\u00a0<strong>inoubliables<\/strong>.<\/span><\/p>\n<p><span class=\"s2\">Gr\u00e2ce \u00e0 son<strong>\u00a0imprimante<\/strong>\u00a0photo\u00a0<strong>haut de gamme,<\/strong>\u00a0vos clich\u00e9s sont disponibles en quelques secondes seulement.\u00a0<\/span><span class=\"s2\">Son cadre \u00e9l\u00e9gant et moderne apporte une touche\u00a0<strong>d\u2019animation unique<\/strong>\u00a0\u00e0 tous vos \u00e9v\u00e9nements.<\/span><\/p>\n<h6><span class=\"s1\">Un <strong>photobooth <\/strong><\/span><span class=\"s2\">exclusif<\/span><span class=\"s1\">, propos\u00e9 \u00e0 la location par <\/span><strong><span class=\"s2\">Aimotion Event<\/span><\/strong><span class=\"s1\">, pens\u00e9 pour sublimer vos \u00e9v\u00e9nements les plus prestigieux.<\/span><\/h6>\n<h6><span class=\"s1\">Offrez \u00e0 vos invit\u00e9s <strong>une <\/strong><\/span><span class=\"s2\"><strong>exp\u00e9rience<\/strong> photo unique<\/span><span class=\"s1\"> gr\u00e2ce \u00e0 ce photobooth d\u2019exception, alliant <\/span><span class=\"s2\"><strong>technologie de pointe<\/strong>, rapidit\u00e9 et qualit\u00e9 irr\u00e9prochable<\/span><span class=\"s1\">.<\/span><\/h6>\n<ul>\n<li>\n<h6>Appareil Photo Professionnel (<strong>24M Pixels<\/strong>)<\/h6>\n<\/li>\n<li>\n<h6>Logiciel d\u2019Images Ultra HD<\/h6>\n<\/li>\n<li>\n<h6>Imprimante Professionnelle <strong>Ultra rapide<\/strong><\/h6>\n<\/li>\n<li>\n<h6>Papier photo de <strong>qualit\u00e9 sup\u00e9rieure<\/strong><\/h6>\n<\/li>\n<li>\n<h6><strong>Ecran tactile<\/strong> Ultra HD<\/h6>\n<\/li>\n<li>\n<h6><strong>Grand \u00e9cran vertical<\/strong> personnalisable<\/h6>\n<\/li>\n<li>\n<h6>Cadres photos personnalisables<\/h6>\n<\/li>\n<li>\n<h6><strong>Effets<\/strong> (N&amp;B, sepia, insta, etc\u2026)<\/h6>\n<\/li>\n<li>\n<h6>Fonction <strong>GIF, Boomerang<\/strong><\/h6>\n<\/li>\n<li>\n<h6>Photos <strong>personnalisables<\/strong><\/h6>\n<\/li>\n<\/ul>\n<h6 class=\"p1\"><span class=\"s1\"><img decoding=\"async\" class=\"emoji\" role=\"img\" src=\"https:\/\/s.w.org\/images\/core\/emoji\/17.0.2\/svg\/2728.svg\" alt=\"\u2728\" \/> <\/span><span class=\"s2\">Bien plus qu\u2019une animation, une v\u00e9ritable <strong>signature \u00e9v\u00e9nementielle<\/strong><\/span><\/h6>\n","protected":false},"excerpt":{"rendered":"<h4><strong>Un Miroir Selfie pour votre \u00e9v\u00e8nement &#8211; EXCELLENCE PACK<\/strong><\/h4>\n<p class=\"p1\"><span class=\"s2\">Il peut photographier une ou <strong>plusieurs personnes <\/strong>en entier, pour des souvenirs <strong>inoubliables<\/strong>.<\/span><\/p>\n<p class=\"p1\"><span class=\"s2\">Gr\u00e2ce \u00e0 son<strong> imprimante<\/strong> photo <strong>haut de gamme,<\/strong>vos clich\u00e9s sont disponibles en quelques secondes seulement. <\/span><\/p>\n<p class=\"p1\"><span class=\"s2\">Son cadre \u00e9l\u00e9gant et moderne apporte une touche <strong>d\u2019animation unique<\/strong> \u00e0 tous vos \u00e9v\u00e9nements.<\/span><\/p>\n<ul>\n<li class=\"body\" dir=\"auto\"><strong>600 impressions papier <\/strong>(format 10\u00d715 cm)<\/li>\n<li class=\"body\" dir=\"auto\"><strong>Personnel pour vos accompagner <\/strong>(forfait 2h pendant l&rsquo;\u00e9v\u00e9nement)<\/li>\n<li class=\"body\" dir=\"auto\"><strong>Offre clef en main \u00a0<\/strong>(nous consulter)<\/li>\n<\/ul>\n<ul>\n<li><strong>D\u00e9cor premium au choix <\/strong>(mur floral, uni, rideau satin&#8230;.)<\/li>\n<li><strong>Livre d&rsquo;or photo souvenir <\/strong>(avec crayons or et argent)<\/li>\n<li>\n<pre class=\"body\" dir=\"auto\"><strong>Photos num\u00e9riques illimit\u00e9es<\/strong> en ligne<\/pre>\n<\/li>\n<li>\n<pre class=\"body\" dir=\"auto\"><strong>Cadre et pr\u00e9sentation personnalis\u00e9e<\/strong> (pr\u00e9noms, date, logo, th\u00e8me\u2026)<\/pre>\n<\/li>\n<li>\n<pre class=\"body\" dir=\"auto\"><strong>D\u00e9cor <\/strong>: Potelets et tapis rouge<\/pre>\n<\/li>\n<li>\n<pre class=\"body\" dir=\"auto\"><strong>Accessoires vari\u00e9s\u00a0<\/strong><\/pre>\n<\/li>\n<li class=\"body\" dir=\"auto\"><strong>Livraison, installation et reprise<\/strong> (Gratuit 30km)<\/li>\n<li>Option <strong>150 photos<\/strong> suppl\u00e9mentaires : <strong>82 euros TTC<\/strong><\/li>\n<\/ul>\n<p>&nbsp;<\/p>\n","protected":false},"featured_media":3310,"comment_status":"open","ping_status":"closed","template":"","meta":{"_eb_attr":"","om_disable_all_campaigns":false,"_monsterinsights_skip_tracking":false,"_monsterinsights_sitenote_active":false,"_monsterinsights_sitenote_note":"","_monsterinsights_sitenote_category":0,"_uf_show_specific_survey":0,"_uf_disable_surveys":false,"_themeisle_gutenberg_block_has_review":false},"product_brand":[],"product_cat":[57,44],"product_tag":[62,63,68,65,61,64],"class_list":{"0":"post-3324","1":"product","2":"type-product","3":"status-publish","4":"has-post-thumbnail","6":"product_cat-animation-interactive","7":"product_cat-photobooth","8":"product_tag-animation-interactive","9":"product_tag-impression","10":"product_tag-pack-excellence","11":"product_tag-photo","12":"product_tag-photobooth","13":"product_tag-selfie-photo","15":"first","16":"instock","17":"sold-individually","18":"purchasable","19":"product-type-simple"},"aioseo_notices":[],"jetpack_sharing_enabled":true,"_links":{"self":[{"href":"https:\/\/aimotionevent.fr\/index.php\/wp-json\/wp\/v2\/product\/3324","targetHints":{"allow":["GET"]}}],"collection":[{"href":"https:\/\/aimotionevent.fr\/index.php\/wp-json\/wp\/v2\/product"}],"about":[{"href":"https:\/\/aimotionevent.fr\/index.php\/wp-json\/wp\/v2\/types\/product"}],"replies":[{"embeddable":true,"href":"https:\/\/aimotionevent.fr\/index.php\/wp-json\/wp\/v2\/comments?post=3324"}],"version-history":[{"count":7,"href":"https:\/\/aimotionevent.fr\/index.php\/wp-json\/wp\/v2\/product\/3324\/revisions"}],"predecessor-version":[{"id":3982,"href":"https:\/\/aimotionevent.fr\/index.php\/wp-json\/wp\/v2\/product\/3324\/revisions\/3982"}],"wp:featuredmedia":[{"embeddable":true,"href":"https:\/\/aimotionevent.fr\/index.php\/wp-json\/wp\/v2\/media\/3310"}],"wp:attachment":[{"href":"https:\/\/aimotionevent.fr\/index.php\/wp-json\/wp\/v2\/media?parent=3324"}],"wp:term":[{"taxonomy":"product_brand","embeddable":true,"href":"https:\/\/aimotionevent.fr\/index.php\/wp-json\/wp\/v2\/product_brand?post=3324"},{"taxonomy":"product_cat","embeddable":true,"href":"https:\/\/aimotionevent.fr\/index.php\/wp-json\/wp\/v2\/product_cat?post=3324"},{"taxonomy":"product_tag","embeddable":true,"href":"https:\/\/aimotionevent.fr\/index.php\/wp-json\/wp\/v2\/product_tag?post=3324"}],"curies":[{"name":"wp","href":"https:\/\/api.w.org\/{rel}","templated":true}]}}