{"id":311,"date":"2025-11-25T17:36:57","date_gmt":"2025-11-25T16:36:57","guid":{"rendered":"https:\/\/aimotionevent.fr\/?post_type=product&#038;p=311"},"modified":"2026-03-22T12:36:04","modified_gmt":"2026-03-22T11:36:04","slug":"telephone-or-audio","status":"publish","type":"product","link":"https:\/\/aimotionevent.fr\/index.php\/product\/telephone-or-audio\/","title":{"rendered":"Telephone Livre d&rsquo;Or Audio"},"content":{"rendered":"<h6>Un t\u00e9l\u00e9phone <strong>audio<\/strong> con\u00e7u pour capturer, conserver et revivre <strong>les moments<\/strong> les plus pr\u00e9cieux de la vie. Bien plus qu\u2019un simple appareil d\u2019enregistrement, c\u2019est une <strong>capsule \u00e9motionnelle<\/strong> qui pr\u00e9serve les voix, \u00a0et les messages de ceux que vous aimez, aujourd\u2019hui et pour les g\u00e9n\u00e9rations futures;<\/h6>\n<ul>\n<li>\n<h6>Enregistrement et lecture de messages audio et vid\u00e9o<\/h6>\n<\/li>\n<li>\n<h6>M\u00e9moire \u00a0<strong>32 Go<\/strong><\/h6>\n<\/li>\n<li>\n<h6>Enregistrement jusqu\u2019\u00e0 <strong>48 heures<\/strong><\/h6>\n<\/li>\n<li>\n<h6>Style<strong> r\u00e9tro-moderne<\/strong><\/h6>\n<\/li>\n<li>\n<h6>Objet <strong>d\u00e9coratif<\/strong><\/h6>\n<\/li>\n<\/ul>\n<h6><em><strong>Options possibles :<\/strong><\/em><\/h6>\n<ul>\n<li>\n<h6>Int\u00e9gration dans <strong>notre cabine t\u00e9l\u00e9phonique<\/strong>,<\/h6>\n<\/li>\n<li>\n<h6><strong>Support<\/strong> (mange debout)<\/h6>\n<\/li>\n<li>\n<h6><strong>D\u00e9cor<\/strong> au choix<\/h6>\n<\/li>\n<li>\n<h6><strong>Montage audio<\/strong><\/h6>\n<\/li>\n<\/ul>\n<h6><strong>Pourquoi choisir ce t\u00e9l\u00e9phone Audio ?<\/strong><\/h6>\n<div>\n<div>\n<div>\n<ul>\n<li>\n<h6>Pr\u00e9serve la voix,<strong> les \u00e9motions<\/strong><\/h6>\n<\/li>\n<li>\n<h6><strong>Connecte<\/strong> les g\u00e9n\u00e9rations<\/h6>\n<\/li>\n<li>\n<h6>Languages universel : <strong>l\u2019\u00e9motion<\/strong> n\u2019a pas besoin de traduction<\/h6>\n<\/li>\n<\/ul>\n<\/div>\n<\/div>\n<\/div>\n","protected":false},"excerpt":{"rendered":"<p id=\"qpeTitleTag_feature_div\" class=\"celwidget\" data-feature-name=\"qpeTitleTag\" data-csa-c-type=\"widget\" data-csa-c-content-id=\"qpeTitleTag\" data-csa-c-slot-id=\"qpeTitleTag_feature_div\" data-csa-c-asin=\"B0CPPXXRH9\" data-csa-c-is-in-initial-active-row=\"false\" data-cel-widget=\"qpeTitleTag_feature_div\" data-csa-c-id=\"lwt403-oeb0et-fuw8e0-eumzjg\"><strong>T\u00e9l\u00e9phone Livre d\u2019or Audio Antique de Style r\u00e9tro<\/strong><\/p>\n<p data-feature-name=\"qpeTitleTag\" data-csa-c-type=\"widget\" data-csa-c-content-id=\"qpeTitleTag\" data-csa-c-slot-id=\"qpeTitleTag_feature_div\" data-csa-c-asin=\"B0CPPXXRH9\" data-csa-c-is-in-initial-active-row=\"false\" data-cel-widget=\"qpeTitleTag_feature_div\" data-csa-c-id=\"lwt403-oeb0et-fuw8e0-eumzjg\"><strong>Avec Panneau Led : Laisser un message<\/strong><\/p>\n<div>\n<p>Offrez \u00e0 vos invit\u00e9s <strong>une exp\u00e9rience unique<\/strong> :<\/p>\n<\/div>\n<div>\n<p>ils laissent un <strong>message vocal<\/strong> , pour capturer des \u00e9motions sinc\u00e8res et inoubliables.<\/p>\n<p>Nous vous livrons <strong>tous les enregistrements <\/strong>apr\u00e8s l\u2019\u00e9v\u00e8nement<\/p>\n<\/div>\n<p data-feature-name=\"qpeTitleTag\" data-csa-c-type=\"widget\" data-csa-c-content-id=\"qpeTitleTag\" data-csa-c-slot-id=\"qpeTitleTag_feature_div\" data-csa-c-asin=\"B0CPPXXRH9\" data-csa-c-is-in-initial-active-row=\"false\" data-cel-widget=\"qpeTitleTag_feature_div\" data-csa-c-id=\"lwt403-oeb0et-fuw8e0-eumzjg\">\n","protected":false},"featured_media":249,"comment_status":"open","ping_status":"closed","template":"","meta":{"_eb_attr":"","om_disable_all_campaigns":false,"_monsterinsights_skip_tracking":false,"_monsterinsights_sitenote_active":false,"_monsterinsights_sitenote_note":"","_monsterinsights_sitenote_category":0,"_uf_show_specific_survey":0,"_uf_disable_surveys":false,"_themeisle_gutenberg_block_has_review":false},"product_brand":[],"product_cat":[57,58],"product_tag":[62,71,70,69],"class_list":{"0":"post-311","1":"product","2":"type-product","3":"status-publish","4":"has-post-thumbnail","6":"product_cat-animation-interactive","7":"product_cat-decoration","8":"product_tag-animation-interactive","9":"product_tag-audio","10":"product_tag-livre-dor","11":"product_tag-telephone","13":"first","14":"instock","15":"purchasable","16":"product-type-simple"},"aioseo_notices":[],"jetpack_sharing_enabled":true,"_links":{"self":[{"href":"https:\/\/aimotionevent.fr\/index.php\/wp-json\/wp\/v2\/product\/311","targetHints":{"allow":["GET"]}}],"collection":[{"href":"https:\/\/aimotionevent.fr\/index.php\/wp-json\/wp\/v2\/product"}],"about":[{"href":"https:\/\/aimotionevent.fr\/index.php\/wp-json\/wp\/v2\/types\/product"}],"replies":[{"embeddable":true,"href":"https:\/\/aimotionevent.fr\/index.php\/wp-json\/wp\/v2\/comments?post=311"}],"version-history":[{"count":8,"href":"https:\/\/aimotionevent.fr\/index.php\/wp-json\/wp\/v2\/product\/311\/revisions"}],"predecessor-version":[{"id":3379,"href":"https:\/\/aimotionevent.fr\/index.php\/wp-json\/wp\/v2\/product\/311\/revisions\/3379"}],"wp:featuredmedia":[{"embeddable":true,"href":"https:\/\/aimotionevent.fr\/index.php\/wp-json\/wp\/v2\/media\/249"}],"wp:attachment":[{"href":"https:\/\/aimotionevent.fr\/index.php\/wp-json\/wp\/v2\/media?parent=311"}],"wp:term":[{"taxonomy":"product_brand","embeddable":true,"href":"https:\/\/aimotionevent.fr\/index.php\/wp-json\/wp\/v2\/product_brand?post=311"},{"taxonomy":"product_cat","embeddable":true,"href":"https:\/\/aimotionevent.fr\/index.php\/wp-json\/wp\/v2\/product_cat?post=311"},{"taxonomy":"product_tag","embeddable":true,"href":"https:\/\/aimotionevent.fr\/index.php\/wp-json\/wp\/v2\/product_tag?post=311"}],"curies":[{"name":"wp","href":"https:\/\/api.w.org\/{rel}","templated":true}]}}