{"id":1880,"date":"2025-12-10T23:44:35","date_gmt":"2025-12-10T22:44:35","guid":{"rendered":"https:\/\/aimotionevent.fr\/?post_type=product&#038;p=1880"},"modified":"2026-03-28T00:57:00","modified_gmt":"2026-03-27T23:57:00","slug":"ballons-explosifs-qui-senvolent","status":"publish","type":"product","link":"https:\/\/aimotionevent.fr\/index.php\/product\/ballons-explosifs-qui-senvolent\/","title":{"rendered":"Ballons Explosifs Qui S&rsquo;envolent !"},"content":{"rendered":"<h6 class=\"p1\"><span class=\"s1\">Cr\u00e9ez des<strong> moments inoubliables<\/strong> avec ce syst\u00e8me professionnel de <strong>d\u00e9clenchement de ballons<\/strong> \u00e0 distance.<\/span><\/h6>\n<h6 class=\"p1\"><span class=\"s2\">Technique &amp; pratique :<\/span><span class=\"s1\"><strong> t\u00e9l\u00e9commande et r\u00e9cepteurs rechargeables USB<\/strong>, d\u00e9clenchement instantan\u00e9 par fil chauffant en tungst\u00e8ne, codage s\u00e9curis\u00e9 pour un usage fiable \u00e0 r\u00e9p\u00e9tition.<\/span><\/h6>\n<h6 class=\"p1\"><span class=\"s1\">Fonctionne <\/span><strong><span class=\"s2\">en int\u00e9rieur<\/span><\/strong><span class=\"s1\"> avec ballons \u00e0 <strong>l\u2019h\u00e9lium<\/strong> ou <\/span><span class=\"s2\">en ext\u00e9rieur<\/span><span class=\"s1\">, <strong>au sol ou suspendu<\/strong>.<\/span><\/h6>\n<h6 class=\"p1\"><span class=\"s1\">Compatible <\/span><span class=\"s2\">ballons en latex<\/span><span class=\"s1\"> \u2013 parfait pour<strong>mariages<\/strong>, anniversaires, <strong>gender reveal<\/strong> et \u00e9v\u00e9nements professionnels<\/span><\/h6>\n<div>\n<h6>Id\u00e9al pour une ouverture de bal de mariage<\/h6>\n<\/div>\n<div>\n<h6><strong>Plusieurs Kits : <\/strong><\/h6>\n<h6>2 \u2013 4 -8 ballons 1m, avec ballons ou coeur helium \u00e0 l\u2019int\u00e9rieur<\/h6>\n<h6>Explosion \u00e0 distance !<\/h6>\n<h6>Envol des ballons pour un effet spectaculaire<\/h6>\n<\/div>\n<p>&nbsp;<\/p>\n","protected":false},"excerpt":{"rendered":"<div>Id\u00e9al pour une ouverture de bal de mariage<\/div>\n<div>\n<p><strong>Plusieurs Kits : <\/strong><\/p>\n<p>2 \u2013 4 ou 8 ballons 1m, avec ballons ou coeur helium \u00e0 l\u2019int\u00e9rieur<\/p>\n<p>Explosion \u00e0 distance !<\/p>\n<p>Envol des ballons pour un effet spectaculaire<\/p>\n<p>KITS 2 BALLONS : <strong>130 euros TTC<\/strong><\/p>\n<p>KITS 4 BALLONS : <strong>260\u00a0euros TTC<\/strong><\/p>\n<p>KITS 8 BALLONS : <strong>520 euros TTC<\/strong><\/p>\n<p>&nbsp;<\/p>\n<\/div>\n","protected":false},"featured_media":2822,"comment_status":"open","ping_status":"closed","template":"","meta":{"_eb_attr":"","om_disable_all_campaigns":false,"_monsterinsights_skip_tracking":false,"_monsterinsights_sitenote_active":false,"_monsterinsights_sitenote_note":"","_monsterinsights_sitenote_category":0,"_uf_show_specific_survey":0,"_uf_disable_surveys":false,"_themeisle_gutenberg_block_has_review":false},"product_brand":[],"product_cat":[57,58],"product_tag":[62,73,76,74,75],"class_list":{"0":"post-1880","1":"product","2":"type-product","3":"status-publish","4":"has-post-thumbnail","6":"product_cat-animation-interactive","7":"product_cat-decoration","8":"product_tag-animation-interactive","9":"product_tag-ballons","10":"product_tag-decoration","11":"product_tag-explosifs","12":"product_tag-helium","14":"first","15":"instock","16":"purchasable","17":"product-type-simple"},"aioseo_notices":[],"jetpack_sharing_enabled":true,"_links":{"self":[{"href":"https:\/\/aimotionevent.fr\/index.php\/wp-json\/wp\/v2\/product\/1880","targetHints":{"allow":["GET"]}}],"collection":[{"href":"https:\/\/aimotionevent.fr\/index.php\/wp-json\/wp\/v2\/product"}],"about":[{"href":"https:\/\/aimotionevent.fr\/index.php\/wp-json\/wp\/v2\/types\/product"}],"replies":[{"embeddable":true,"href":"https:\/\/aimotionevent.fr\/index.php\/wp-json\/wp\/v2\/comments?post=1880"}],"version-history":[{"count":5,"href":"https:\/\/aimotionevent.fr\/index.php\/wp-json\/wp\/v2\/product\/1880\/revisions"}],"predecessor-version":[{"id":3392,"href":"https:\/\/aimotionevent.fr\/index.php\/wp-json\/wp\/v2\/product\/1880\/revisions\/3392"}],"wp:featuredmedia":[{"embeddable":true,"href":"https:\/\/aimotionevent.fr\/index.php\/wp-json\/wp\/v2\/media\/2822"}],"wp:attachment":[{"href":"https:\/\/aimotionevent.fr\/index.php\/wp-json\/wp\/v2\/media?parent=1880"}],"wp:term":[{"taxonomy":"product_brand","embeddable":true,"href":"https:\/\/aimotionevent.fr\/index.php\/wp-json\/wp\/v2\/product_brand?post=1880"},{"taxonomy":"product_cat","embeddable":true,"href":"https:\/\/aimotionevent.fr\/index.php\/wp-json\/wp\/v2\/product_cat?post=1880"},{"taxonomy":"product_tag","embeddable":true,"href":"https:\/\/aimotionevent.fr\/index.php\/wp-json\/wp\/v2\/product_tag?post=1880"}],"curies":[{"name":"wp","href":"https:\/\/api.w.org\/{rel}","templated":true}]}}