{"id":1842,"date":"2025-12-10T18:36:54","date_gmt":"2025-12-10T17:36:54","guid":{"rendered":"https:\/\/aimotionevent.fr\/?post_type=product&#038;p=1842"},"modified":"2026-03-28T00:58:34","modified_gmt":"2026-03-27T23:58:34","slug":"telephone-or-video","status":"publish","type":"product","link":"https:\/\/aimotionevent.fr\/index.php\/product\/telephone-or-video\/","title":{"rendered":"Telephone Or vid\u00e9o Audio"},"content":{"rendered":"<div class=\"elementor-element elementor-element-397ffcc e-con-full e-flex e-con e-parent e-lazyloaded\" data-id=\"397ffcc\" data-element_type=\"container\">\n<div class=\"elementor-element elementor-element-a869807 e-con-full e-flex e-con e-child\" data-id=\"a869807\" data-element_type=\"container\">\n<div class=\"elementor-element elementor-element-06cef6d elementor-widget__width-initial elementor-widget elementor-widget-text-editor\" data-id=\"06cef6d\" data-element_type=\"widget\" data-widget_type=\"text-editor.default\">\n<h6>TELEPHONE LIVRE D&rsquo;or audio et vid\u00e9o<\/h6>\n<h6>ils laissent un <strong>message vid\u00e9o et vocal<\/strong> , pour capturer des \u00e9motions sinc\u00e8res et inoubliables.<\/h6>\n<h6>Nous vous livrons <strong>tous les enregistrements<\/strong> apr\u00e8s l\u2019\u00e9v\u00e8nement<\/h6>\n<\/div>\n<\/div>\n<div class=\"elementor-element elementor-element-1c6bd95 e-con-full e-flex e-con e-child\" data-id=\"1c6bd95\" data-element_type=\"container\">\n<div class=\"elementor-element elementor-element-4dd676e elementor-widget__width-initial elementor-widget elementor-widget-eael-image-accordion\" data-id=\"4dd676e\" data-element_type=\"widget\" data-widget_type=\"eael-image-accordion.default\">\n<div id=\"eael-img-accordion-4dd676e\" class=\"eael-img-accordion accordion-direction-horizontal eael-img-accordion-horizontal-align-center eael-img-accordion-vertical-align-center\" data-img-accordion-id=\"4dd676e\" data-img-accordion-type=\"on-hover\">\n<div class=\"eael-image-accordion-hover eael-image-accordion-item\">\n<div class=\"overlay\">\n<ul>\n<li>\n<h6>Enregistrement et lecture de messages audio et vid\u00e9o<\/h6>\n<\/li>\n<li>\n<h6>M\u00e9moire \u00a0<strong>32 Go<\/strong><\/h6>\n<\/li>\n<li>\n<h6>Enregistrement jusqu\u2019\u00e0 <strong>48 heures<\/strong><\/h6>\n<\/li>\n<li>\n<h6>Style<strong> r\u00e9tro-moderne<\/strong><\/h6>\n<\/li>\n<li>\n<h6>Objet <strong>d\u00e9coratif<\/strong><\/h6>\n<\/li>\n<\/ul>\n<h6>Options possibles :<\/h6>\n<ul>\n<li>\n<h6>Int\u00e9gration dans <strong>notre cabine t\u00e9l\u00e9phonique<\/strong>,<\/h6>\n<\/li>\n<li>\n<h6><strong>Support<\/strong><\/h6>\n<\/li>\n<li>\n<h6><strong>d\u00e9cor<\/strong> au choix,<\/h6>\n<\/li>\n<li>\n<h6><strong>montage audio<\/strong><\/h6>\n<\/li>\n<\/ul>\n<p><strong>Pourquoi choisir ce t\u00e9l\u00e9phone Audio-Vid\u00e9o ?<\/strong><\/p>\n<div>\n<div>\n<div>\n<ul>\n<li>\n<h6>Pr\u00e9serve la voix, mes vid\u00e9os<strong> les \u00e9motions<\/strong><\/h6>\n<\/li>\n<li>\n<h6><strong>Connecte<\/strong> les g\u00e9n\u00e9rations<\/h6>\n<\/li>\n<li>\n<h6>Languages universel : <strong>l\u2019\u00e9motion<\/strong> n\u2019a pas besoin de traduction<\/h6>\n<\/li>\n<\/ul>\n<\/div>\n<\/div>\n<\/div>\n<\/div>\n<\/div>\n<\/div>\n<\/div>\n<\/div>\n<\/div>\n","protected":false},"excerpt":{"rendered":"<div id=\"qpeTitleTag_feature_div\" class=\"celwidget\" data-feature-name=\"qpeTitleTag\" data-csa-c-type=\"widget\" data-csa-c-content-id=\"qpeTitleTag\" data-csa-c-slot-id=\"qpeTitleTag_feature_div\" data-csa-c-asin=\"B0CPPXXRH9\" data-csa-c-is-in-initial-active-row=\"false\" data-cel-widget=\"qpeTitleTag_feature_div\" data-csa-c-id=\"lwt403-oeb0et-fuw8e0-eumzjg\">\n<div>\n<div>\n<div>\n<p><strong>T\u00c9L\u00c9PHONE AUDIO-VID\u00c9O-GARDIEN DE M\u00c9MOIRE<\/strong><\/p>\n<\/div>\n<\/div>\n<\/div>\n<\/div>\n<p data-feature-name=\"qpeTitleTag\" data-csa-c-type=\"widget\" data-csa-c-content-id=\"qpeTitleTag\" data-csa-c-slot-id=\"qpeTitleTag_feature_div\" data-csa-c-asin=\"B0CPPXXRH9\" data-csa-c-is-in-initial-active-row=\"false\" data-cel-widget=\"qpeTitleTag_feature_div\" data-csa-c-id=\"lwt403-oeb0et-fuw8e0-eumzjg\"><strong>Avec Panneau Led : Laisser un message<\/strong><\/p>\n<p>Un t\u00e9l\u00e9phone <strong>audio-vid\u00e9o<\/strong> con\u00e7u pour capturer, conserver et revivre les moments les plus pr\u00e9cieux de la vie.<\/p>\n<p>Bien plus qu\u2019un simple appareil d\u2019enregistrement, c\u2019est une <strong>capsule \u00e9motionnelle<\/strong> qui pr\u00e9serve <strong>les voix, les visages et les messages<\/strong> de ceux que vous aimez, aujourd\u2019hui et pour les g\u00e9n\u00e9rations futures.<\/p>\n<ul>\n<li>Enregistrement et lecture de messages audio et vid\u00e9o<\/li>\n<li>M\u00e9moire \u00a0<strong>32 Go<\/strong><\/li>\n<li>Enregistrement jusqu\u2019\u00e0 <strong>48 heures<\/strong><\/li>\n<li>Style<strong> r\u00e9tro-moderne<\/strong><\/li>\n<li>Objet <strong>d\u00e9coratif<\/strong><\/li>\n<\/ul>\n<p>Options possibles :<\/p>\n<ul>\n<li>Int\u00e9gration dans <strong>notre cabine t\u00e9l\u00e9phonique<\/strong>,<\/li>\n<li><strong>Support<\/strong><\/li>\n<li><strong>d\u00e9cor<\/strong> au choix,<\/li>\n<li><strong>montage audio<\/strong><\/li>\n<\/ul>\n<p>&nbsp;<\/p>\n","protected":false},"featured_media":1699,"comment_status":"open","ping_status":"closed","template":"","meta":{"_eb_attr":"","om_disable_all_campaigns":false,"_monsterinsights_skip_tracking":false,"_monsterinsights_sitenote_active":false,"_monsterinsights_sitenote_note":"","_monsterinsights_sitenote_category":0,"_uf_show_specific_survey":0,"_uf_disable_surveys":false,"_themeisle_gutenberg_block_has_review":false},"product_brand":[],"product_cat":[57,58],"product_tag":[62,71,70,69,72],"class_list":{"0":"post-1842","1":"product","2":"type-product","3":"status-publish","4":"has-post-thumbnail","6":"product_cat-animation-interactive","7":"product_cat-decoration","8":"product_tag-animation-interactive","9":"product_tag-audio","10":"product_tag-livre-dor","11":"product_tag-telephone","12":"product_tag-video","14":"first","15":"instock","16":"purchasable","17":"product-type-simple"},"aioseo_notices":[],"jetpack_sharing_enabled":true,"_links":{"self":[{"href":"https:\/\/aimotionevent.fr\/index.php\/wp-json\/wp\/v2\/product\/1842","targetHints":{"allow":["GET"]}}],"collection":[{"href":"https:\/\/aimotionevent.fr\/index.php\/wp-json\/wp\/v2\/product"}],"about":[{"href":"https:\/\/aimotionevent.fr\/index.php\/wp-json\/wp\/v2\/types\/product"}],"replies":[{"embeddable":true,"href":"https:\/\/aimotionevent.fr\/index.php\/wp-json\/wp\/v2\/comments?post=1842"}],"version-history":[{"count":7,"href":"https:\/\/aimotionevent.fr\/index.php\/wp-json\/wp\/v2\/product\/1842\/revisions"}],"predecessor-version":[{"id":3985,"href":"https:\/\/aimotionevent.fr\/index.php\/wp-json\/wp\/v2\/product\/1842\/revisions\/3985"}],"wp:featuredmedia":[{"embeddable":true,"href":"https:\/\/aimotionevent.fr\/index.php\/wp-json\/wp\/v2\/media\/1699"}],"wp:attachment":[{"href":"https:\/\/aimotionevent.fr\/index.php\/wp-json\/wp\/v2\/media?parent=1842"}],"wp:term":[{"taxonomy":"product_brand","embeddable":true,"href":"https:\/\/aimotionevent.fr\/index.php\/wp-json\/wp\/v2\/product_brand?post=1842"},{"taxonomy":"product_cat","embeddable":true,"href":"https:\/\/aimotionevent.fr\/index.php\/wp-json\/wp\/v2\/product_cat?post=1842"},{"taxonomy":"product_tag","embeddable":true,"href":"https:\/\/aimotionevent.fr\/index.php\/wp-json\/wp\/v2\/product_tag?post=1842"}],"curies":[{"name":"wp","href":"https:\/\/api.w.org\/{rel}","templated":true}]}}