{"id":361,"date":"2025-11-26T09:14:47","date_gmt":"2025-11-26T08:14:47","guid":{"rendered":"https:\/\/aimotionevent.fr\/index.php\/categories\/"},"modified":"2026-01-12T18:42:20","modified_gmt":"2026-01-12T17:42:20","slug":"categories","status":"publish","type":"page","link":"https:\/\/aimotionevent.fr\/index.php\/categories\/","title":{"rendered":"Nos produits"},"content":{"rendered":"\t\t<div data-elementor-type=\"wp-page\" data-elementor-id=\"361\" class=\"elementor elementor-361\" data-elementor-post-type=\"page\">\n\t\t\t\t<div class=\"elementor-element elementor-element-e2d462c e-flex e-con-boxed e-con e-parent\" data-id=\"e2d462c\" data-element_type=\"container\" data-e-type=\"container\">\n\t\t\t\t\t<div class=\"e-con-inner\">\n\t\t\t\t<div class=\"elementor-element elementor-element-57e9410 elementor-widget__width-initial elementor-invisible elementor-widget elementor-widget-heading\" data-id=\"57e9410\" data-element_type=\"widget\" data-e-type=\"widget\" data-settings=\"{&quot;_animation&quot;:&quot;fadeInLeft&quot;}\" data-widget_type=\"heading.default\">\n\t\t\t\t\t<h6 class=\"elementor-heading-title elementor-size-default\">Pr\u00e9sentation de nos produits et services<\/h6>\t\t\t\t<\/div>\n\t\t\t\t<div class=\"elementor-element elementor-element-7b1cf98 elementor-widget-divider--view-line elementor-widget elementor-widget-divider\" data-id=\"7b1cf98\" data-element_type=\"widget\" data-e-type=\"widget\" data-widget_type=\"divider.default\">\n\t\t\t\t\t\t\t<div class=\"elementor-divider\">\n\t\t\t<span class=\"elementor-divider-separator\">\n\t\t\t\t\t\t<\/span>\n\t\t<\/div>\n\t\t\t\t\t\t<\/div>\n\t\t\t\t\t<\/div>\n\t\t\t\t<\/div>\n\t\t<div class=\"elementor-element elementor-element-974846a e-grid e-con-full e-con e-parent\" data-id=\"974846a\" data-element_type=\"container\" data-e-type=\"container\">\n\t\t\t\t<div class=\"elementor-element elementor-element-9deaa4f e-transform elementor-invisible elementor-widget elementor-widget-image\" data-id=\"9deaa4f\" data-element_type=\"widget\" data-e-type=\"widget\" data-settings=\"{&quot;_transform_scale_effect&quot;:{&quot;unit&quot;:&quot;px&quot;,&quot;size&quot;:1,&quot;sizes&quot;:[]},&quot;_animation&quot;:&quot;zoomInUp&quot;,&quot;_transform_scale_effect_tablet&quot;:{&quot;unit&quot;:&quot;px&quot;,&quot;size&quot;:&quot;&quot;,&quot;sizes&quot;:[]},&quot;_transform_scale_effect_mobile&quot;:{&quot;unit&quot;:&quot;px&quot;,&quot;size&quot;:&quot;&quot;,&quot;sizes&quot;:[]}}\" data-widget_type=\"image.default\">\n\t\t\t\t\t\t\t\t\t\t\t\t<figure class=\"wp-caption\">\n\t\t\t\t\t\t\t\t\t\t\t<a href=\"https:\/\/aimotionevent.fr\/index.php\/miroir-magique-photobooth\/\">\n\t\t\t\t\t\t\t<img fetchpriority=\"high\" decoding=\"async\" width=\"800\" height=\"779\" src=\"https:\/\/aimotionevent.fr\/wp-content\/uploads\/2025\/12\/IMG_6956-2.jpg\" class=\"elementor-animation-pulse attachment-large size-large wp-image-1629\" alt=\"Location Borne \u00e0 selfie Magic miroir design avec accessoires pour soir\u00e9e entreprise et mariage Bretagne\" srcset=\"https:\/\/aimotionevent.fr\/wp-content\/uploads\/2025\/12\/IMG_6956-2.jpg 863w, https:\/\/aimotionevent.fr\/wp-content\/uploads\/2025\/12\/IMG_6956-2-300x292.jpg 300w, https:\/\/aimotionevent.fr\/wp-content\/uploads\/2025\/12\/IMG_6956-2-768x748.jpg 768w, https:\/\/aimotionevent.fr\/wp-content\/uploads\/2025\/12\/IMG_6956-2-600x584.jpg 600w\" sizes=\"(max-width: 800px) 100vw, 800px\" \/>\t\t\t\t\t\t\t\t<\/a>\n\t\t\t\t\t\t\t\t\t\t\t<figcaption class=\"widget-image-caption wp-caption-text\">Photobooth Miroir<\/figcaption>\n\t\t\t\t\t\t\t\t\t\t<\/figure>\n\t\t\t\t\t\t\t\t\t<\/div>\n\t\t\t\t<div class=\"elementor-element elementor-element-29bd460 elementor-invisible elementor-widget elementor-widget-image\" data-id=\"29bd460\" data-element_type=\"widget\" data-e-type=\"widget\" data-settings=\"{&quot;_animation&quot;:&quot;zoomInUp&quot;,&quot;_animation_delay&quot;:100}\" data-widget_type=\"image.default\">\n\t\t\t\t\t\t\t\t\t\t\t\t<figure class=\"wp-caption\">\n\t\t\t\t\t\t\t\t\t\t\t<a href=\"https:\/\/aimotionevent.fr\/index.php\/boutique\/\">\n\t\t\t\t\t\t\t<img decoding=\"async\" width=\"800\" height=\"800\" src=\"https:\/\/aimotionevent.fr\/wp-content\/uploads\/2025\/12\/IMG_6970-1024x1024.jpg\" class=\"elementor-animation-pulse attachment-large size-large wp-image-1574\" alt=\"Borne \u00e0 selfie design avec accessoires pour soir\u00e9e entreprise Bretagne\" srcset=\"https:\/\/aimotionevent.fr\/wp-content\/uploads\/2025\/12\/IMG_6970-1024x1024.jpg 1024w, https:\/\/aimotionevent.fr\/wp-content\/uploads\/2025\/12\/IMG_6970-300x300.jpg 300w, https:\/\/aimotionevent.fr\/wp-content\/uploads\/2025\/12\/IMG_6970-150x150.jpg 150w, https:\/\/aimotionevent.fr\/wp-content\/uploads\/2025\/12\/IMG_6970-768x768.jpg 768w, https:\/\/aimotionevent.fr\/wp-content\/uploads\/2025\/12\/IMG_6970-600x600.jpg 600w, https:\/\/aimotionevent.fr\/wp-content\/uploads\/2025\/12\/IMG_6970-100x100.jpg 100w, https:\/\/aimotionevent.fr\/wp-content\/uploads\/2025\/12\/IMG_6970.jpg 1276w\" sizes=\"(max-width: 800px) 100vw, 800px\" \/>\t\t\t\t\t\t\t\t<\/a>\n\t\t\t\t\t\t\t\t\t\t\t<figcaption class=\"widget-image-caption wp-caption-text\">Photobooth<\/figcaption>\n\t\t\t\t\t\t\t\t\t\t<\/figure>\n\t\t\t\t\t\t\t\t\t<\/div>\n\t\t\t\t<div class=\"elementor-element elementor-element-cd12745 elementor-widget elementor-widget-image\" data-id=\"cd12745\" data-element_type=\"widget\" data-e-type=\"widget\" data-widget_type=\"image.default\">\n\t\t\t\t\t\t\t\t\t\t\t\t<figure class=\"wp-caption\">\n\t\t\t\t\t\t\t\t\t\t\t<a href=\"https:\/\/aimotionevent.fr\/index.php\/d09c8-pet-shop-blog\/\">\n\t\t\t\t\t\t\t<img decoding=\"async\" width=\"800\" height=\"800\" src=\"https:\/\/aimotionevent.fr\/wp-content\/uploads\/2025\/11\/Machine-pour-photomaton-360.webp\" class=\"elementor-animation-pulse attachment-large size-large wp-image-813\" alt=\"Location Videobooth avec accessoires pour soir\u00e9e mariage Bretagne quimper concarneau\" srcset=\"https:\/\/aimotionevent.fr\/wp-content\/uploads\/2025\/11\/Machine-pour-photomaton-360.webp 1000w, https:\/\/aimotionevent.fr\/wp-content\/uploads\/2025\/11\/Machine-pour-photomaton-360-300x300.webp 300w, https:\/\/aimotionevent.fr\/wp-content\/uploads\/2025\/11\/Machine-pour-photomaton-360-150x150.webp 150w, https:\/\/aimotionevent.fr\/wp-content\/uploads\/2025\/11\/Machine-pour-photomaton-360-768x768.webp 768w, https:\/\/aimotionevent.fr\/wp-content\/uploads\/2025\/11\/Machine-pour-photomaton-360-600x600.webp 600w, https:\/\/aimotionevent.fr\/wp-content\/uploads\/2025\/11\/Machine-pour-photomaton-360-100x100.webp 100w\" sizes=\"(max-width: 800px) 100vw, 800px\" \/>\t\t\t\t\t\t\t\t<\/a>\n\t\t\t\t\t\t\t\t\t\t\t<figcaption class=\"widget-image-caption wp-caption-text\">Videobooth 360<\/figcaption>\n\t\t\t\t\t\t\t\t\t\t<\/figure>\n\t\t\t\t\t\t\t\t\t<\/div>\n\t\t\t\t<div class=\"elementor-element elementor-element-d15befe elementor-widget elementor-widget-image\" data-id=\"d15befe\" data-element_type=\"widget\" data-e-type=\"widget\" data-widget_type=\"image.default\">\n\t\t\t\t\t\t\t\t\t\t\t\t<figure class=\"wp-caption\">\n\t\t\t\t\t\t\t\t\t\t\t<a href=\"https:\/\/aimotionevent.fr\/index.php\/d09c8-comparison-table\/\">\n\t\t\t\t\t\t\t<img loading=\"lazy\" decoding=\"async\" width=\"800\" height=\"833\" src=\"https:\/\/aimotionevent.fr\/wp-content\/uploads\/2026\/01\/IMG_7280-984x1024.jpg\" class=\"elementor-animation-pulse attachment-large size-large wp-image-3400\" alt=\"location feux d&#039;artifice de jour Concarneau bretagne\" srcset=\"https:\/\/aimotionevent.fr\/wp-content\/uploads\/2026\/01\/IMG_7280-984x1024.jpg 984w, https:\/\/aimotionevent.fr\/wp-content\/uploads\/2026\/01\/IMG_7280-288x300.jpg 288w, https:\/\/aimotionevent.fr\/wp-content\/uploads\/2026\/01\/IMG_7280-768x799.jpg 768w, https:\/\/aimotionevent.fr\/wp-content\/uploads\/2026\/01\/IMG_7280-600x624.jpg 600w, https:\/\/aimotionevent.fr\/wp-content\/uploads\/2026\/01\/IMG_7280.jpg 1290w\" sizes=\"(max-width: 800px) 100vw, 800px\" \/>\t\t\t\t\t\t\t\t<\/a>\n\t\t\t\t\t\t\t\t\t\t\t<figcaption class=\"widget-image-caption wp-caption-text\">Animations Interactives<\/figcaption>\n\t\t\t\t\t\t\t\t\t\t<\/figure>\n\t\t\t\t\t\t\t\t\t<\/div>\n\t\t\t\t<div class=\"elementor-element elementor-element-ba86fab elementor-invisible elementor-widget elementor-widget-image\" data-id=\"ba86fab\" data-element_type=\"widget\" data-e-type=\"widget\" data-settings=\"{&quot;_animation&quot;:&quot;fadeInLeft&quot;}\" data-widget_type=\"image.default\">\n\t\t\t\t\t\t\t\t\t\t\t\t<figure class=\"wp-caption\">\n\t\t\t\t\t\t\t\t\t\t\t<a href=\"https:\/\/aimotionevent.fr\/index.php\/machine-a-effet\/\">\n\t\t\t\t\t\t\t<img loading=\"lazy\" decoding=\"async\" width=\"800\" height=\"802\" src=\"https:\/\/aimotionevent.fr\/wp-content\/uploads\/2026\/01\/fontaineaintecellecoldspark3.jpg-2.webp\" class=\"elementor-animation-bob attachment-large size-large wp-image-3421\" alt=\"Location Machine Fontaine \u00e0 \u00e9tincelles froides \u00e0 Concarneau Quimper, pour votre g\u00e2teau de mariage\" srcset=\"https:\/\/aimotionevent.fr\/wp-content\/uploads\/2026\/01\/fontaineaintecellecoldspark3.jpg-2.webp 998w, https:\/\/aimotionevent.fr\/wp-content\/uploads\/2026\/01\/fontaineaintecellecoldspark3.jpg-2-300x300.webp 300w, https:\/\/aimotionevent.fr\/wp-content\/uploads\/2026\/01\/fontaineaintecellecoldspark3.jpg-2-150x150.webp 150w, https:\/\/aimotionevent.fr\/wp-content\/uploads\/2026\/01\/fontaineaintecellecoldspark3.jpg-2-768x770.webp 768w, https:\/\/aimotionevent.fr\/wp-content\/uploads\/2026\/01\/fontaineaintecellecoldspark3.jpg-2-600x601.webp 600w, https:\/\/aimotionevent.fr\/wp-content\/uploads\/2026\/01\/fontaineaintecellecoldspark3.jpg-2-100x100.webp 100w\" sizes=\"(max-width: 800px) 100vw, 800px\" \/>\t\t\t\t\t\t\t\t<\/a>\n\t\t\t\t\t\t\t\t\t\t\t<figcaption class=\"widget-image-caption wp-caption-text\">Machine \u00e0 effets<\/figcaption>\n\t\t\t\t\t\t\t\t\t\t<\/figure>\n\t\t\t\t\t\t\t\t\t<\/div>\n\t\t\t\t<div class=\"elementor-element elementor-element-76336d7 elementor-invisible elementor-widget elementor-widget-image\" data-id=\"76336d7\" data-element_type=\"widget\" data-e-type=\"widget\" data-settings=\"{&quot;_animation&quot;:&quot;fadeInLeft&quot;}\" data-widget_type=\"image.default\">\n\t\t\t\t\t\t\t\t\t\t\t\t<figure class=\"wp-caption\">\n\t\t\t\t\t\t\t\t\t\t\t<a href=\"https:\/\/aimotionevent.fr\/index.php\/decoration-mobilier\/\">\n\t\t\t\t\t\t\t<img loading=\"lazy\" decoding=\"async\" width=\"800\" height=\"803\" src=\"https:\/\/aimotionevent.fr\/wp-content\/uploads\/2026\/01\/IMG_7249-1020x1024.jpg\" class=\"elementor-animation-bob attachment-large size-large wp-image-3126\" alt=\"Location Cabine t\u00e9l\u00e9phonique vintage pour t\u00e9l\u00e9phone livre d&#039;or audio en Bretagne \u00e0 quimper brest id\u00e9al pour un souvenir de vos invit\u00e9s \u00e0 votre mariage\" srcset=\"https:\/\/aimotionevent.fr\/wp-content\/uploads\/2026\/01\/IMG_7249-1020x1024.jpg 1020w, https:\/\/aimotionevent.fr\/wp-content\/uploads\/2026\/01\/IMG_7249-300x300.jpg 300w, https:\/\/aimotionevent.fr\/wp-content\/uploads\/2026\/01\/IMG_7249-150x150.jpg 150w, https:\/\/aimotionevent.fr\/wp-content\/uploads\/2026\/01\/IMG_7249-768x771.jpg 768w, https:\/\/aimotionevent.fr\/wp-content\/uploads\/2026\/01\/IMG_7249-600x602.jpg 600w, https:\/\/aimotionevent.fr\/wp-content\/uploads\/2026\/01\/IMG_7249-100x100.jpg 100w, https:\/\/aimotionevent.fr\/wp-content\/uploads\/2026\/01\/IMG_7249.jpg 1290w\" sizes=\"(max-width: 800px) 100vw, 800px\" \/>\t\t\t\t\t\t\t\t<\/a>\n\t\t\t\t\t\t\t\t\t\t\t<figcaption class=\"widget-image-caption wp-caption-text\">D\u00e9co &amp; mobiliers<\/figcaption>\n\t\t\t\t\t\t\t\t\t\t<\/figure>\n\t\t\t\t\t\t\t\t\t<\/div>\n\t\t\t\t<\/div>\n\t\t\t\t<\/div>\n\t\t","protected":false},"excerpt":{"rendered":"<p>Pr\u00e9sentation de nos produits et services Photobooth Miroir Photobooth Videobooth 360 Animations Interactives Machine \u00e0 effets D\u00e9co &amp; mobiliers<\/p>\n","protected":false},"author":1,"featured_media":0,"parent":0,"menu_order":0,"comment_status":"closed","ping_status":"closed","template":"","meta":{"_eb_attr":"","om_disable_all_campaigns":false,"_monsterinsights_skip_tracking":false,"_monsterinsights_sitenote_active":false,"_monsterinsights_sitenote_note":"","_monsterinsights_sitenote_category":0,"_uf_show_specific_survey":0,"_uf_disable_surveys":false,"_themeisle_gutenberg_block_has_review":false,"footnotes":""},"class_list":["post-361","page","type-page","status-publish","hentry"],"aioseo_notices":[],"jetpack_sharing_enabled":true,"_links":{"self":[{"href":"https:\/\/aimotionevent.fr\/index.php\/wp-json\/wp\/v2\/pages\/361","targetHints":{"allow":["GET"]}}],"collection":[{"href":"https:\/\/aimotionevent.fr\/index.php\/wp-json\/wp\/v2\/pages"}],"about":[{"href":"https:\/\/aimotionevent.fr\/index.php\/wp-json\/wp\/v2\/types\/page"}],"author":[{"embeddable":true,"href":"https:\/\/aimotionevent.fr\/index.php\/wp-json\/wp\/v2\/users\/1"}],"replies":[{"embeddable":true,"href":"https:\/\/aimotionevent.fr\/index.php\/wp-json\/wp\/v2\/comments?post=361"}],"version-history":[{"count":21,"href":"https:\/\/aimotionevent.fr\/index.php\/wp-json\/wp\/v2\/pages\/361\/revisions"}],"predecessor-version":[{"id":3941,"href":"https:\/\/aimotionevent.fr\/index.php\/wp-json\/wp\/v2\/pages\/361\/revisions\/3941"}],"wp:attachment":[{"href":"https:\/\/aimotionevent.fr\/index.php\/wp-json\/wp\/v2\/media?parent=361"}],"curies":[{"name":"wp","href":"https:\/\/api.w.org\/{rel}","templated":true}]}}