{"id":3,"date":"2025-11-24T21:51:22","date_gmt":"2025-11-24T21:51:22","guid":{"rendered":"http:\/\/wykelia.cluster100.hosting.ovh.net\/?page_id=3"},"modified":"2026-01-11T18:13:12","modified_gmt":"2026-01-11T17:13:12","slug":"privacy-policy","status":"publish","type":"page","link":"https:\/\/aimotionevent.fr\/index.php\/privacy-policy\/","title":{"rendered":"Mentions L\u00e9gales"},"content":{"rendered":"\t\t<div data-elementor-type=\"wp-page\" data-elementor-id=\"3\" class=\"elementor elementor-3\" data-elementor-post-type=\"page\">\n\t\t\t\t<div class=\"elementor-element elementor-element-44626966 e-flex e-con-boxed e-con e-parent\" data-id=\"44626966\" data-element_type=\"container\" data-e-type=\"container\">\n\t\t\t\t\t<div class=\"e-con-inner\">\n\t\t\t\t<div class=\"elementor-element elementor-element-30ac5aec elementor-widget elementor-widget-text-editor\" data-id=\"30ac5aec\" data-element_type=\"widget\" data-e-type=\"widget\" data-widget_type=\"text-editor.default\">\n\t\t\t\t\t\t\t\t\t<h1 id=\"iqd7\"><em><strong>MENTIONS L\u00c9GALES<\/strong><\/em><\/h1>\n<h2 id=\"ihyk\">\u00c9DITEUR<\/h2>\n<div id=\"i80a\">\n<div id=\"ik52\">AIMOTION LIGHT EVENT<\/div>\n<div id=\"id05\">EI NATHANAELLELAZ<\/div>\n<div id=\"i08at\">RCS QUIMPER : 99892851900011<\/div>\n<div>Code APE : 7729Z<\/div>\n<div>TVA : FR40998928519<\/div>\n<div id=\"id53i\">Si\u00e8ge social : 13 RUE DU POTEAU VERT 29900 CONCARNEAU<\/div>\n<div id=\"ihnak\">DIRECTEUR DE LA PUBLICATION<\/div>\n<div id=\"iuilj\">Mme NATHANAELLE LAZ FEILLU<\/div>\n<div>\u00a0<\/div>\n<\/div>\n<h2 id=\"i4l8l\">H\u00c9BERGEMENT<\/h2>\n<div id=\"ibhta\">\n<div class=\"otds-text\">\n<div class=\"otds-text\">\n<h2 class=\"odss-text__heading mb-3\">OVH<\/h2>\n<\/div>\n<div class=\"otds-text\">\n<p>SAS au capital de 50 000 000 \u20ac<\/p>\n<p>RCS Lille M\u00e9tropole 424 761 419 00045<br \/>Code APE 2620Z<br \/>N\u00b0 TVA : FR 22 424 761 419<br \/>Si\u00e8ge social : 2 rue Kellermann \u2013 59100 Roubaix \u2013 France<\/p>\n<\/div>\n<\/div>\n<\/div>\n<p><strong>Propri\u00e9t\u00e9 intellectuelle<\/strong><\/p>\n<p>Nous vous informons que toute reproduction ou repr\u00e9sentation totale ou partielle,par quelque proc\u00e9d\u00e9 que ce soit,de ce site, des logos, des images pouvant y figurer est interdite sans l\u2019autorisation expresse de l\u2019entreprise <strong>AIMOTION EVENT<\/strong> et constituerait une contrefa\u00e7on sanctionn\u00e9e par les articles L 335-2 et suivants du Code de la propri\u00e9t\u00e9 intellectuelle.<\/p>\n<p>Le format et le mod\u00e8le du template du site internet <strong>AIMOTION EVENT<\/strong> est d\u00e9pos\u00e9 y compris le syst\u00e8me de cat\u00e9gories associ\u00e9es \u00e0 des couleurs, elles font parties d\u2019un mod\u00e8le qui ne peut \u00eatre copi\u00e9 , imit\u00e9 de quelques mani\u00e8res que ce soit.<\/p>\n<p>L\u2019entreprise <strong>AIMOTION EVENT<\/strong> se verra dans l\u2019obligation de prendre les dispositions n\u00e9cessaire et par voie l\u00e9gale en attaquant syst\u00e9matiquement toute personne physique ou morale ayant copi\u00e9 une quelconque partie de son site et du logiciel associ\u00e9.<\/p>\n<p><br \/><strong>Protection des donn\u00e9es personnelles<\/strong><\/p>\n<p>Notre politique de protection des donn\u00e9es personnelles est disponible<\/p>\n<pre id=\"tw-target-text\" class=\"tw-data-text tw-text-large tw-ta\" dir=\"ltr\" tabindex=\"-1\" role=\"text\" data-placeholder=\"Traduction\" data-ved=\"2ahUKEwirhKy8vv6RAxXmTqQEHdysCq4Q3ewLegQIDBAW\" aria-label=\"Texte traduit\u00a0: Cookies\n\nTexte sugg\u00e9r\u00e9\u00a0: Si vous laissez un commentaire sur notre site, vous pouvez choisir d\u2019enregistrer votre nom, votre adresse courriel et votre site web dans des cookies. Ces cookies sont destin\u00e9s \u00e0 votre confort afin que vous n\u2019ayez pas \u00e0 saisir \u00e0 nouveau ces informations lorsque vous laissez un autre commentaire. Ces cookies sont conserv\u00e9s pendant un an.\n\nSi vous consultez notre page de connexion, nous installerons un cookie temporaire pour d\u00e9terminer si votre navigateur accepte les cookies. Ce cookie ne contient aucune donn\u00e9e personnelle et est supprim\u00e9 lorsque vous fermez votre navigateur.\n\nLorsque vous vous connectez, nous installons \u00e9galement plusieurs cookies pour enregistrer vos informations de connexion et vos pr\u00e9f\u00e9rences d\u2019affichage. Les cookies de connexion sont conserv\u00e9s pendant deux jours et les cookies d\u2019options d\u2019affichage pendant un an. Si vous cochez la case \u00ab\u00a0Se souvenir de moi\u00a0\u00bb, votre connexion sera maintenue pendant deux semaines. Si vous vous d\u00e9connectez de votre compte, les cookies de connexion seront supprim\u00e9s.\n\nSi vous modifiez ou publiez un article, un cookie suppl\u00e9mentaire sera enregistr\u00e9 dans votre navigateur. Ce cookie ne contient aucune donn\u00e9e personnelle et indique simplement l\u2019identifiant de l\u2019article que vous venez de modifier. Il expire apr\u00e8s un jour.\"><span class=\"Y2IQFc\" lang=\"fr\"><strong>Cookies<\/strong>\n\nSi vous laissez un commentaire sur notre site, vous pouvez choisir d\u2019enregistrer votre nom, votre adresse courriel et votre site web dans des cookies. Ces cookies sont destin\u00e9s \u00e0 votre confort afin que vous n\u2019ayez pas \u00e0 saisir \u00e0 nouveau ces informations lorsque vous laissez un autre commentaire. Ces cookies sont conserv\u00e9s pendant un an.\n\nSi vous consultez notre page de connexion, nous installerons un cookie temporaire pour d\u00e9terminer si votre navigateur accepte les cookies. Ce cookie ne contient aucune donn\u00e9e personnelle et est supprim\u00e9 lorsque vous fermez votre navigateur.\n\nLorsque vous vous connectez, nous installons \u00e9galement plusieurs cookies pour enregistrer vos informations de connexion et vos pr\u00e9f\u00e9rences d\u2019affichage. Les cookies de connexion sont conserv\u00e9s pendant deux jours et les cookies d\u2019options d\u2019affichage pendant un an. Si vous cochez la case \u00ab Se souvenir de moi \u00bb, votre connexion sera maintenue pendant deux semaines. Si vous vous d\u00e9connectez de votre compte, les cookies de connexion seront supprim\u00e9s.\n\nSi vous modifiez ou publiez un article, un cookie suppl\u00e9mentaire sera enregistr\u00e9 dans votre navigateur. Ce cookie ne contient aucune donn\u00e9e personnelle et indique simplement l\u2019identifiant de l\u2019article que vous venez de modifier. Il expire apr\u00e8s un jour.<\/span><\/pre>\t\t\t\t\t\t\t\t<\/div>\n\t\t\t\t\t<\/div>\n\t\t\t\t<\/div>\n\t\t\t\t<\/div>\n\t\t","protected":false},"excerpt":{"rendered":"<p>MENTIONS L\u00c9GALES \u00c9DITEUR AIMOTION LIGHT EVENT EI NATHANAELLELAZ RCS QUIMPER : 99892851900011 Code APE : 7729Z TVA : FR40998928519 Si\u00e8ge social : 13 RUE DU POTEAU VERT 29900 CONCARNEAU DIRECTEUR DE LA PUBLICATION Mme NATHANAELLE LAZ FEILLU \u00a0 H\u00c9BERGEMENT OVH SAS au capital de 50 000 000 \u20ac RCS Lille M\u00e9tropole 424 761 419 00045Code [&hellip;]<\/p>\n","protected":false},"author":1,"featured_media":0,"parent":0,"menu_order":0,"comment_status":"closed","ping_status":"open","template":"","meta":{"_eb_attr":"","om_disable_all_campaigns":false,"_monsterinsights_skip_tracking":false,"_monsterinsights_sitenote_active":false,"_monsterinsights_sitenote_note":"","_monsterinsights_sitenote_category":0,"_uf_show_specific_survey":0,"_uf_disable_surveys":false,"_themeisle_gutenberg_block_has_review":false,"footnotes":""},"class_list":["post-3","page","type-page","status-publish","hentry"],"aioseo_notices":[],"jetpack_sharing_enabled":true,"_links":{"self":[{"href":"https:\/\/aimotionevent.fr\/index.php\/wp-json\/wp\/v2\/pages\/3","targetHints":{"allow":["GET"]}}],"collection":[{"href":"https:\/\/aimotionevent.fr\/index.php\/wp-json\/wp\/v2\/pages"}],"about":[{"href":"https:\/\/aimotionevent.fr\/index.php\/wp-json\/wp\/v2\/types\/page"}],"author":[{"embeddable":true,"href":"https:\/\/aimotionevent.fr\/index.php\/wp-json\/wp\/v2\/users\/1"}],"replies":[{"embeddable":true,"href":"https:\/\/aimotionevent.fr\/index.php\/wp-json\/wp\/v2\/comments?post=3"}],"version-history":[{"count":6,"href":"https:\/\/aimotionevent.fr\/index.php\/wp-json\/wp\/v2\/pages\/3\/revisions"}],"predecessor-version":[{"id":3782,"href":"https:\/\/aimotionevent.fr\/index.php\/wp-json\/wp\/v2\/pages\/3\/revisions\/3782"}],"wp:attachment":[{"href":"https:\/\/aimotionevent.fr\/index.php\/wp-json\/wp\/v2\/media?parent=3"}],"curies":[{"name":"wp","href":"https:\/\/api.w.org\/{rel}","templated":true}]}}