{"id":159,"date":"2025-11-25T16:32:44","date_gmt":"2025-11-25T15:32:44","guid":{"rendered":"https:\/\/aimotionevent.fr\/?page_id=159"},"modified":"2026-01-09T13:36:57","modified_gmt":"2026-01-09T12:36:57","slug":"refund_returns","status":"publish","type":"page","link":"https:\/\/aimotionevent.fr\/index.php\/refund_returns\/","title":{"rendered":"Conditions g\u00e9n\u00e9rales de ventes"},"content":{"rendered":"\t\t<div data-elementor-type=\"wp-page\" data-elementor-id=\"159\" class=\"elementor elementor-159\" data-elementor-post-type=\"page\">\n\t\t\t\t<div class=\"elementor-element elementor-element-3f9e321d e-flex e-con-boxed e-con e-parent\" data-id=\"3f9e321d\" data-element_type=\"container\" data-e-type=\"container\">\n\t\t\t\t\t<div class=\"e-con-inner\">\n\t\t\t\t<div class=\"elementor-element elementor-element-1f5f4992 elementor-widget elementor-widget-text-editor\" data-id=\"1f5f4992\" data-element_type=\"widget\" data-e-type=\"widget\" data-widget_type=\"text-editor.default\">\n\t\t\t\t\t\t\t\t\t<header class=\"cm-entry-header\">\n<h1 class=\"cm-entry-title\">CGV<\/h1>\n<\/header>\n<div class=\"cm-entry-summary\">\n<p><strong>PRINCIPALES CONDITIONS de LOCATIONS A CONNAITRE<\/strong><\/p>\n<p><strong>AIMOTION EVENT<\/strong> propose des \u00e9quipements \u00e0 LOUER pour une p\u00e9riode d\u00e9termin\u00e9e par le client (de 24h \u00e0 plusieurs jours).<\/p>\n<p>Les CAUTIONS se font par d\u00e9p\u00f4t de garantie UNIQUEMENT par cheque ou en carte bancaire de CREDIT (pas d\u00e9bit \u2013 cartes pr\u00e9pay\u00e9e et cartes virtuelles non accept\u00e9es)<\/p>\n<p>Les employ\u00e9s de <strong>AIMOTION EVENT<\/strong> ne font pas de manutention ni de chargement de v\u00e9hicules pour les client(e)(es)(s)<\/p>\n<p>Une r\u00e9servation est valid\u00e9e et accept\u00e9e uniquement \u00e0 partir du moment ou le r\u00e8glement int\u00e9gral \u00e0 \u00e9t\u00e9 effectu\u00e9 (sur le site ou au d\u00e9p\u00f4t).<\/p>\n<p>Aucune r\u00e9servation sans r\u00e8glement, paiement partiel ou par t\u00e9l\u00e9phone ne permet de bloquer le mat\u00e9riel pour la date souhait\u00e9e.<\/p>\n<p>Les derniers d\u00e9part ou retour de mat\u00e9riel se font 30 min avant la fermeture du d\u00e9p\u00f4t,<\/p>\n<p>Le mat\u00e9riel est \u00e0 retirer pendant les horaires d\u2019ouverture du d\u00e9p\u00f4t, celles-ci \u00e9tant indiqu\u00e9es en page d\u2019accueil.<\/p>\n<p><strong>AIMOTION EVENT<\/strong> n\u2019autorise pas l\u2019utilisation sur groupe \u00e9lectrog\u00e8ne de son mat\u00e9riel.<\/p>\n<div class=\"block-title\">\n<h2 class=\"wp-block-heading\"><strong>SAV et probl\u00e8mes sur mat\u00e9riel:<\/strong><\/h2>\n<\/div>\n<div class=\"block-title\">\n<h2 class=\"wp-block-heading\">\u00a0<\/h2>\n<\/div>\n<p><strong>\u00a0 \u00a0 \u00a0Le mat\u00e9riel est livr\u00e9 propre, sans trace de liquide, cigarettes, alcool, gras\u2026..<\/strong><\/p>\n<p><strong>\u00a0 \u00a0 \u00a0Un \u00e9tat des lieux est effectu\u00e9 au d\u00e9part ainsi qu\u2019un test, la m\u00eame chose est fa\u00eete au retour, toutes trace ou suspicions entra\u00eenera un passage au SAV pour v\u00e9rification.<\/strong><\/p>\n<p>\u2013 le d\u00e9montage , nettoyage + v\u00e9rification \u00a0est factur\u00e9 145\u20ac minimum \u2013 et ensuite au temps pass\u00e9 par le SAV pour remettre l\u2019appareil en \u00e9tat<\/p>\n<p>\u2013 le d\u00e9montage , nettoyage + v\u00e9rification \u00a0est factur\u00e9 145\u20ac minimum \u00a0\u2013 et ensuite au temps pass\u00e9 par le SAV pour remettre l\u2019appareil en \u00e9tat<\/p>\n<p>\u2013 le d\u00e9montage , nettoyage + v\u00e9rification 175\u20ac minimum \u2013 et ensuite au temps pass\u00e9 par le SAV pour remettre l\u2019appareil en \u00e9tat<\/p>\n<p>\u2013 En cas d\u2019irr\u00e9parabilit\u00e9, le mat\u00e9riel est factur\u00e9 \u00e0 sa valeur \u00e0 NEUF<\/p>\n<p>Tarifs : 70\u20ac \/ heure transport A\/R = 45\u20ac<\/p>\n<p>Toutes modifications de contrat est factur\u00e9e entre 15\u20ac ttc et 25\u20ac ttc<\/p>\n<p>Un d\u00e9placement de date de location est factur\u00e9e entre 15\u20ac ttc<\/p>\n<p>L\u2019annulation d\u2019une commande fa\u00eete le jour m\u00eame est factur\u00e9e entre 25\u20ac ttc<\/p>\n<p><strong>Conditions G\u00e9n\u00e9rales de location<\/strong><\/p>\n<p>Article 1er \u2013CONDITIONS G\u00c9N\u00c9RALES<\/p>\n<p>Article 2 \u2013 Responsabilit\u00e9s<\/p>\n<p>Article 3 \u2013SINISTRE<\/p>\n<p>Article 4 \u2013 CAUTION<\/p>\n<p>Article 5 \u2013 IMMOBILISATION DU MAT\u00c9RIEL<\/p>\n<p>Article 6 \u2013 FONCTIONNEMENT DES APPAREILS<\/p>\n<p>Article 7 \u2013 IMPREVUS LORS DE LA LIVRAISON<\/p>\n<p>Article 8 \u2013 R\u00c9PARATION DU MAT\u00c9RIEL<\/p>\n<p>Article 9 \u2013 MODALIT\u00c9S DE R\u00c8GLEMENT<\/p>\n<p>Article 10 \u2013 ENTRETIEN<\/p>\n<p>Article 11 \u2013 ANNULATION<\/p>\n<p>Article 12 \u2013 \u00c9LECTION DE DOMICILE \u2013 COMP\u00c9TENCE<\/p>\n<p>Article 13 \u2013 DIVERS<\/p>\n<div class=\"block-title\">\n<h2 class=\"wp-block-heading\"><strong>Article 1er \u2013CONDITIONS G\u00c9N\u00c9RALES<\/strong><\/h2>\n<\/div>\n<p><strong>AIMOTION EVENT<\/strong> se r\u00e9serve le droit d\u2019annuler une location en cas d\u2019indisponibilit\u00e9 du mat\u00e9riel, de bug technique du site web ou de toute raison ind\u00e9pendante de sa volont\u00e9.<\/p>\n<p>La dur\u00e9e de location du mat\u00e9riel utilis\u00e9e pour le calcul du coefficient se calcule par journ\u00e9e enti\u00e8re, et commence le jour de l\u2019enl\u00e8vement et se termine le jour de r\u00e9int\u00e9gration dans nos locaux du mat\u00e9riel dans son int\u00e9gralit\u00e9 et en \u00e9tat de fonctionnement .<\/p>\n<p>Les locations du vendredi doivent revenir IMPERATIVEMENT AVANT MIDI. <strong>AIMOTION EVENT<\/strong> doit pouvoir remettre en circulation le mat\u00e9riel pour les clients du samedi.<\/p>\n<p>En cas de retard dans la restitution du mat\u00e9riel, le locataire se doit de pr\u00e9venir <strong>AIMOTION EVENT<\/strong> par t\u00e9l\u00e9phone, ceci ne dispensera pas <strong>AIMOTION EVENT<\/strong> de facturer des p\u00e9nalit\u00e9s de retard.<\/p>\n<p>Pour des questions d\u2019assurances et parceque \u00e7a n\u2019est pas leur travail, les employ\u00e9s de <strong>AIMOTION EVENT<\/strong> ne font pas de manutention \u00e0 l\u2019ext\u00e9rieur du magasin pour charger ou d\u00e9charger le v\u00e9hicule d\u2019un\/une cliente. celui-ci doit trouver la solution pour charger\/d\u00e9charger son v\u00e9hicule.<\/p>\n<p><strong>LIVRAISONS<\/strong><\/p>\n<p>Le client peut choisir de se faire livrer le mat\u00e9riel \u00e0 son adresse plut\u00f4t que de le retirer au magasin.<\/p>\n<p>Lors de la commande il indiquera ses coordonn\u00e9es et un cr\u00e9neau horaire de 3h dans lequel le livreur se pr\u00e9sentera \u00e0 l\u2019adresse indiqu\u00e9e, le client devra venir chercher le mat\u00e9riel au v\u00e9hicule directement (pas de livraison en \u00e9tage).<\/p>\n<p>Le contrat de location indique le jour et le cr\u00e9neau horaire de la livraison du mat\u00e9riel au client et le nombre d\u2019\u00e9l\u00e9ments composant la livraison. Le mat\u00e9riel est consid\u00e9r\u00e9 comme en parfait \u00e9tat de marche \u00e0 la livraison (test\u00e9 avant chaque d\u00e9part).<\/p>\n<p>Le client a une heure apr\u00e8s la livraison pour tester le mat\u00e9riel et pr\u00e9venir <strong>AIMOTION EVENT<\/strong>\u00a0 d\u2019un \u00e9ventuel dysfonctionnement. Pass\u00e9 ce d\u00e9lai, le mat\u00e9riel de location est consid\u00e9r\u00e9 comme fonctionnant parfaitement.<\/p>\n<p>Dans le cas d\u2019un dysfonctionnement signal\u00e9 par le client dans le d\u00e9lai d\u2019une heure apr\u00e8s la livraison, <strong>AIMOTION EVENT<\/strong> s\u2019engage \u00e0 intervenir dans la journ\u00e9e. Si un mat\u00e9riel doit \u00eatre remplac\u00e9, l\u2019intervention ne sera pas factur\u00e9e. Si le mat\u00e9riel n\u2019a pas besoin d\u2019\u00eatre remplac\u00e9, s\u2019il s\u2019agit d\u2019un mauvais r\u00e9glage, d\u2019un mauvais branchement, d\u2019une panne non reproductible ou autre facteur li\u00e9 \u00e0 l\u2019utilisation du mat\u00e9riel et non \u00e0 son \u00e9tat de fonctionnement, l\u2019intervention sera factur\u00e9e \u00e0 un montant \u00e9gal au tarif livraison de la zone du client major\u00e9 d\u2019un montant forfaitaire de 70\u20ac ttc.<\/p>\n<p>Le mat\u00e9riel est livr\u00e9 propre et en \u00e9tat de marche et doit \u00eatre rendu propre et en \u00e9tat de marche (c\u00e2bles pli\u00e9s sinon ce service est factur\u00e9 + 25\u20ac).<\/p>\n<p>Le client doit \u00eatre pr\u00e9sent aux horaires indiqu\u00e9s pour la livraison, si le livreur se pr\u00e9sente et que le client n\u2019est pas l\u00e0, le mat\u00e9riel sera \u00e0 venir chercher au magasin, une autre livraison n\u2019\u00e9tant pas possible.<\/p>\n<p>Retour du mat\u00e9riel<\/p>\n<p>Le livreur v\u00e9rifie \u00e0 la reprise que l\u2019ensemble du mat\u00e9riel livr\u00e9 est pr\u00e9sent, celui-ci doit \u00eatre rassembl\u00e9 en un point pour \u00e9viter tout oubli.<\/p>\n<p>Il ne peut y avoir de retour partiel. Le nombre d\u2019\u00e9l\u00e9ments \u00e0 la livraison doit \u00eatre identique au nombre d\u2019\u00e9l\u00e9ments retourn\u00e9s par le client. Dans le cas contraire, le retour sera consid\u00e9r\u00e9 incomplet.<\/p>\n<p>La mat\u00e9riel sera test\u00e9 par nos techniciens d\u00e8s son retour au magasin. Dans le cas d\u2019un retour incomplet ou d\u2019un retour d\u2019un mat\u00e9riel d\u00e9t\u00e9rior\u00e9, une liste de pi\u00e8ces d\u00e9t\u00e9rior\u00e9es ou manquantes sera \u00e9tablie et chiffr\u00e9e en Euros. Un montant global de d\u00e9dommagement incluant le montant des r\u00e9parations et un montant forfaitaire \u00e9gal \u00e0 1J de location pour l\u2019immobilisation du mat\u00e9riel sera demand\u00e9 au client. Si le montant de la caution du mat\u00e9riel ne couvre pas le montant d\u00fb, le compl\u00e9ment est d\u00fb par le client. Dans le cas inverse, la diff\u00e9rence sera restitu\u00e9e par <strong>AIMOTION EVENT<\/strong> au client.<\/p>\n<div class=\"block-title\">\n<h2 class=\"wp-block-heading\"><strong>Article 2 \u2013 Responsabilit\u00e9s<\/strong><\/h2>\n<\/div>\n<p>Le client est seul responsable de l\u2019utilisation du mat\u00e9riel, aucune assurance ne couvre les dommages pouvant \u00eatre subi par celui-ci.<\/p>\n<p>Le client doit donc assurer le mat\u00e9riel \u00e0 sa valeur de remplacement \u00e0 neuf. celle-ci doit comprendre le vol, d\u00e9gradations ou perte.<\/p>\n<p>Le client d\u00e9clare connaitre les conditions et limites d\u2019utilisation pr\u00e9vues par les fabricants et par la l\u00e9gislation en vigueur dans le lieu d\u2019utilisation et \u00eatre apte \u00e0 l\u2019utiliser dans ces conditions.<\/p>\n<p>En aucun cas le locataire ne peut confier tout ou partie du mat\u00e9riel lou\u00e9 \u00e0 un tiers.<\/p>\n<p>En aucun cas le client ne pourra modifier le mat\u00e9riel de quelque mani\u00e8re que ce soit.<\/p>\n<p>En cas de d\u00e9placement par route (y compris le stationnement), rail, mer et air et dans tous les cas \u00e0 compter de le mise \u00e0 disposition du mat\u00e9riel et jusqu\u2019\u00e0 la fin de la location, le locataire, en sa qualit\u00e9 de gardien d\u00e9tenteur du mat\u00e9riel lou\u00e9, sera responsable de tous dommages caus\u00e9s au mat\u00e9riel, de tous dommages caus\u00e9s par l\u2019utilisation du mat\u00e9riel envers des personnes ou des biens, m\u00eame si ces dommages r\u00e9sultent d\u2019un vice de construction ou d\u2019un d\u00e9faut de montage.<\/p>\n<div class=\"block-title\">\n<h2 class=\"wp-block-heading\"><strong>Article 3 \u2013SINISTRE<\/strong><\/h2>\n<\/div>\n<p>En cas d\u2019accident ou de vol, une d\u00e9claration \u00e9tablie sur papier \u00e0 en-t\u00eate de la soci\u00e9t\u00e9 ou particulier utilisateurs, assortie d\u2019une d\u00e9claration aupr\u00e8s d\u2019une autorit\u00e9 de police devra nous parvenir dans un d\u00e9lai de 48 heures.<\/p>\n<p>L\u2019utilisateur demeure responsable du mat\u00e9riel lou\u00e9 \u00e0 hauteur de sa valeur de remplacement.<\/p>\n<div class=\"block-title\">\n<h2 class=\"wp-block-heading\"><strong>Article 4 \u2013 CAUTION<\/strong><\/h2>\n<\/div>\n<p><strong>AIMOTION EVENT<\/strong> prend les CHEQUES.<\/p>\n<p>La caution est une garantie permettant de couvrir le rachat ou la r\u00e9paration, de tout ou partie des : d\u00e9g\u00e2ts sur le mat\u00e9riel lou\u00e9, d\u00e9gradations du mat\u00e9riel lou\u00e9, vol, perte de mat\u00e9riel ou c\u00e2bles , etc<\/p>\n<p>Dans le cas cas d\u2019un appareil dont la r\u00e9paration n\u2019est pas viable car irr\u00e9parable celui-ci est factur\u00e9 au tarif en vigueur valeur \u00e0 NEUF au moment de la location, locasono devant pouvoir racheter le produit ou son \u00e9quivalent.<\/p>\n<p>Dans le cas d\u2019un appareil dont les r\u00e9parations sont sup\u00e9rieures \u00e0 15j, locasono se r\u00e9serve le droit de racheter un produit \u00e9quivalent VALEUR A NEUF en prenant le montant \u00e0 neuf sur la caution.<\/p>\n<p>Pour toutes les locations <strong>AIMOTION EVENT<\/strong> demande une CAUTION, celle-ci se faisant uniquement en carte bleue de CREDIT (empreinte bancaire non d\u00e9bit\u00e9e), et pas en esp\u00e8ce ni en ch\u00e8que.<\/p>\n<p>Les cartes accept\u00e9es sont : VISA ou MASTERCARD, carte de cr\u00e9dit et PAS DEBIT, pas AMEX, pas de carte viruelle, ni les cartes des NEO BANQUE (N26 \/ quonto \/ revolut \/ orange banque ) sur ce type de cartes les cautions sont d\u00e9bit\u00e9es, et recr\u00e9dit\u00e9es avec un d\u00e9lai par la banque.<\/p>\n<p>La caution est une garantie que le mat\u00e9riel sera rendu et en bon \u00e9tat.<\/p>\n<p>Si un client ne peut faire de caution le jour de la location pour cause de solvabilit\u00e9 ou atteinte du plafond de la carte, cette situation ne peut entra\u00eener de remboursement, celle-ci \u00e9tant assimil\u00e9 \u00e0 un d\u00e9faut venant du client.<\/p>\n<p>Une caution \u00e0 partir de 100E et jusqu\u2019\u00e0 7500E est demand\u00e9e au client. Cette caution engage le client sur la totalit\u00e9 des frais de remise \u00e0 neuf du mat\u00e9riel en cas de sinistre.<\/p>\n<p>Les cautions sont cumulatives, c\u2019est \u00e0 dire que le montant de la caution de plusieurs appareils peut \u00eatre additionn\u00e9e .<\/p>\n<p>Seules les cartes bleues FRANCAISE sont accept\u00e9es.<\/p>\n<p>En cas d\u2019immobilisation du produit le temps d\u2019en sav, le mat\u00e9riel est factur\u00e9 le temps de cette p\u00e9riode.<\/p>\n<p>La CAUTION peut de mani\u00e8re exceptionnelle et selon le mat\u00e9riel, \u00eatre d\u00e9pos\u00e9e par virement, des frais de 25\u20ac par tranches de 3500\u20ac s\u2019appliquent lors du remboursement de la caution comme frais de traitement et viennent en d\u00e9duction de celle-ci.<\/p>\n<div class=\"block-title\">\n<h2 class=\"wp-block-heading\"><strong>Article 5 \u2013 IMMOBILISATION DU MAT\u00c9RIEL<\/strong><\/h2>\n<\/div>\n<p>Aucune diminution de prix ne peut \u00eatre consentie en raison d\u2019une immobilisation forc\u00e9e du mat\u00e9riel, soit par arr\u00eat du film, retard de la production, blocage en douane ou toute autre raison.<\/p>\n<div class=\"block-title\">\n<h2 class=\"wp-block-heading\"><strong>Article 6 \u2013 FONCTIONNEMENT DES APPAREILS<\/strong><\/h2>\n<\/div>\n<p>Notre mat\u00e9riel est livr\u00e9 en parfait \u00e9tat de fonctionnement. <strong>AIMOTION EVENT<\/strong> n\u2019assume aucune responsabilit\u00e9 directe ou indirecte en raison de d\u00e9fauts de fonctionnements, retards, sinistre total ou partiel survenant apr\u00e8s le d\u00e9part du mat\u00e9riel de nos locaux.<\/p>\n<p><strong>AIMOTION EVENT<\/strong> ne peut garantir que les comp\u00e9tences du client seront suffisantes au bon fonctionnement du mat\u00e9riel.<\/p>\n<p>Le client \u00e0 une heure apr\u00e8s la livraison pour signaler tout dysfonctionnement du mat\u00e9riel ou probl\u00e8me type (rayures \/ mat\u00e9riel ab\u00eem\u00e9 \/ traces divers \/ liquide \/ etc)<\/p>\n<p>Le mat\u00e9riel \u00e9tant test\u00e9 en magasin et livr\u00e9 propre au client celui-ci doit le rendre dans le m\u00eame \u00e9tat,dans le cas contraire un passage au SAV ainsi qu\u2019un nettyage approfondi sera factur\u00e9 (60e h + frais d\u2019immobilisation + frais SAV)<\/p>\n<div class=\"block-title\">\n<h2 class=\"wp-block-heading\"><strong>Article 7 \u2013 IMPREVUS LORS DE LA LIVRAISON<\/strong><\/h2>\n<\/div>\n<p>En cas d\u2019impr\u00e9vu lors de la livraison, les proc\u00e9dures \u00e0 suivies sont les suivantes:<\/p>\n<p>L\u2019adresse du client est erron\u00e9e ou introuvable: Une v\u00e9rification t\u00e9l\u00e9phonique est effectu\u00e9e entre le transporteur et <strong>AIMOTION EVENT<\/strong> . Si l\u2019adresse s\u2019av\u00e8re erron\u00e9e apr\u00e8s v\u00e9rification, le mat\u00e9riel retourne au stock et la location est due dans sa totalit\u00e9 major\u00e9 des frais de retour au stock. Une nouvelle livraison devra \u00eatre programm\u00e9e aux frais du client;<\/p>\n<p>Le client est absent au moment de la livraison: Apr\u00e8s une attente de 10mn, le livreur rapporte l le mat\u00e9riel retourne au stock et la location est due dans sa totalit\u00e9 major\u00e9 des frais de retour au stock. Une nouvelle livraison devra \u00eatre programm\u00e9e aux frais du client.<\/p>\n<p>le client refuse la livraison: le livreur incite le client \u00e0 contacter <strong>AIMOTION EVENT<\/strong> .<strong>AIMOTION EVENT<\/strong> indiquera la marche \u00e0 suivre au livreur. Dans le cas d\u2019un retour au stock, celui ci pourra \u00eatre factur\u00e9 au client;<\/p>\n<p>Dans le cadre d\u2019un retour, le produit est visuellement ab\u00eem\u00e9 ou incomplet : le livreur fait signer un bon de retour indiquant l\u2019\u00e9tat du mat\u00e9riel. Les conditions en cas de mat\u00e9riel ab\u00eem\u00e9 ou incomplet s\u2019appliquent;<\/p>\n<p>Dans le cadre d\u2019un retour, le packaging n\u2019est pas celui d\u2019origine: Le coursier compte le nombre de produits; packaging inclus et l\u2019indique sur le bon de retour qu\u2019il fait signer au client. Les conditions en cas de mat\u00e9riel ab\u00eem\u00e9 ou incomplet s\u2019appliquent;<\/p>\n<p>La livraison n\u2019inclus ni la manutention en \u00e9tage, ni le montage ni l\u2019installation du mat\u00e9riel ni le test du mat\u00e9riel;<\/p>\n<p>La r\u00e9cup\u00e9ration n\u2019inclus ni le d\u00e9montage, ni la manutention en \u00e9tage, ni la d\u00e9sinstallation ni le test du mat\u00e9riel<\/p>\n<p>Si un montage, un d\u00e9montage, une manutention en \u00e9tage, une installation, une desinstallation est n\u00e9cessaire pour la livraison ou la r\u00e9cup\u00e9ration, ces deux derni\u00e8res pourront \u00eatre annul\u00e9es et \/ ou factur\u00e9es;<\/p>\n<div class=\"block-title\">\n<h2 class=\"wp-block-heading\"><strong>Article 8 \u2013 R\u00c9PARATION DU MAT\u00c9RIEL<\/strong><\/h2>\n<\/div>\n<p>L\u2019utilisateur s\u2019engage \u00e0 ne pas faire effectuer de r\u00e9paration ou de modification de notre mat\u00e9riel sans un accord pr\u00e9alable.<\/p>\n<div class=\"block-title\">\n<h2 class=\"wp-block-heading\"><strong>Article 9 \u2013 MODALIT\u00c9S DE R\u00c8GLEMENT<\/strong><\/h2>\n<\/div>\n<p>Nos tarifs s\u2019entendent TTC pour paiement comptant.<\/p>\n<p>Le paiement des locations s\u2019effectue sur notre serveur s\u00e9curis\u00e9 en ligne (CMCIC).<\/p>\n<p>En cas de retard de paiement de plus de 10 jours, <strong>AIMOTION EVENT<\/strong> se r\u00e9serve le droit d\u2019exiger le versement d\u2019indemnit\u00e9s de retard qui seront factur\u00e9es au taux de deux fois celui la Banque de France plus TVA.<\/p>\n<div class=\"block-title\">\n<h2 class=\"wp-block-heading\"><strong>Article 10 \u2013 CONSOMMABLE<\/strong><\/h2>\n<\/div>\n<p>Tous les frais n\u00e9cessit\u00e9s par l\u2019utilisation du mat\u00e9riel, et notamment piles et accus, sont \u00e0 la charge du client.<\/p>\n<div class=\"block-title\">\n<h2 class=\"wp-block-heading\"><strong>Article 11 \u2013 ANNULATION<\/strong><\/h2>\n<\/div>\n<p>Vous \u00eates inform\u00e9 que, en application de l\u2019article L. 121-20-4 du Code de la consommation, l\u2019ensemble des Prestations propos\u00e9es sur <strong>AIMOTION EVENT<\/strong> ou au nom de leurs Partenaires n\u2019est pas soumis \u00e0 l\u2019application du droit de r\u00e9tractation pr\u00e9vu aux articles L. 121-20 et suivants du Code de la consommation en mati\u00e8re de vente \u00e0 distance.<\/p>\n<p>Les dispositions des articles L. 121-18, L. 121-19, L. 121-20 et L. 121-20-1 ne sont pas applicables aux contrats ayant pour objet :<\/p>\n<p>1\u00b0 La fourniture de biens de consommation courante r\u00e9alis\u00e9e au lieu d\u2019habitation ou de travail du consommateur par des distributeurs faisant des tourn\u00e9es fr\u00e9quentes et r\u00e9guli\u00e8res ;<\/p>\n<p>2\u00b0 La prestation de services d\u2019h\u00e9bergement, de transport, de restauration, de loisirs qui doivent \u00eatre fournis \u00e0 une date ou selon une p\u00e9riodicit\u00e9 d\u00e9termin\u00e9e.<\/p>\n<p>Toute r\u00e9servation effectu\u00e9e par le client sur le site internet \u2013 par t\u00e9l\u00e9phone ou directement en magasin est valid\u00e9e par le paiement de la totalit\u00e9 du montant de la location. D\u00e8s lors que le client \u00e0 r\u00e9gl\u00e9 sa location il reconnait alors avoir lu \u2013 compris et accept\u00e9 les conditions g\u00e9n\u00e9rales de location.<\/p>\n<p>Tout paiement partiel anticip\u00e9 aupr\u00e8s de <strong>AIMOTION EVENT<\/strong> constitue un acompte. Conform\u00e9ment \u00e0 la loi, tout paiement d\u2019acompte engage le client et le fournisseur de mener la transaction jusqu\u2019\u00e0 son terme.<\/p>\n<p>Cependant, <strong>AIMOTION EVENT<\/strong> accepte l\u2019annulation d\u2019une transaction si une des conditions suivantes est respect\u00e9e (sauf mention contraire sur le devis sign\u00e9 par le client):<\/p>\n<p>\u2013 <strong>AIMOTION EVENT<\/strong> se r\u00e9serve le droit d\u2019annuler une location en cas d\u2019indisponibilit\u00e9 du mat\u00e9riel, de bug technique du site web ou de toute raison ind\u00e9pendante de sa volont\u00e9;<\/p>\n<p>\u2013 Si l\u2019annulation est \u00e0 l\u2019initiative du client et qu\u2019elle a lieu plus d\u2019une semaine avant la date de d\u00e9part en location du mat\u00e9riel, le montant r\u00e9gl\u00e9 sera restitu\u00e9 sous forme d\u2019un remboursement de 50% ou de 100% par un avoir sur une prochaine location.<\/p>\n<p>\u2013 Si l\u2019annulation est \u00e0 l\u2019initiative du client et qu\u2019elle a lieu entre une semaine et 24h avant la date de d\u00e9part, seuls 50% de la somme vers\u00e9e sera restitu\u00e9e sous forme d\u2019un avoir \u00e0 valoir sur une prochaine location.<\/p>\n<p>\u2013 Si l\u2019annulation est l\u2019initiative du client et qu\u2019elle a lieu moins de 24h avant la date de location, la somme vers\u00e9e ne sera pas restitu\u00e9<\/p>\n<p>Dans tous les autres cas, <strong>AIMOTION EVENT<\/strong> n\u2019accepte pas l\u2019annulation d\u2019une commande.<\/p>\n<p>Toutes annulations pour les dates du 21 juin et du 31 d\u00e9cembre sont fermes, d\u00e9finitive et non remboursable.<\/p>\n<p>Toute annulation pour cause de pand\u00e9mie,virus, catastrophe naturelle n\u2019est pas re\u00e7evable.<\/p>\n<div class=\"block-title\">\n<h2 class=\"wp-block-heading\"><strong>Article 12 \u2013 \u00c9LECTION DE DOMICILE \u2013 COMP\u00c9TENCE<\/strong><\/h2>\n<\/div>\n<p>Pour l\u2019ex\u00e9cution du pr\u00e9sent contrat, les parties font \u00e9lection au domicile du si\u00e8ge de leur soci\u00e9t\u00e9 ou domicile principal respectif. Tous litiges auxquels pourrait donner lieu l\u2019ex\u00e9cution des obligations du propri\u00e9taire et du locataire seront de la comp\u00e9tence exclusive des tribunaux de PARIS.<\/p>\n<div class=\"block-title\">\n<h2 class=\"wp-block-heading\"><strong>Article 13 \u2013 DIVERS<\/strong><\/h2>\n<\/div>\n<p>Article 13.1 : Les mineurs ne sont pas autoris\u00e9s \u00e0 utiliser le service aimotionevent.fr, aussi nous demandons \u00e0 toutes personnes de moins de 18 ans de se faire r\u00e9pr\u00e9sent\u00e9e par un tuteur l\u00e9gal ou par une personne majeure. En cas de litige avec une personne mineure, la responsabilit\u00e9 de <strong>AIMOTION EVENT<\/strong> ne pourra \u00eatre engag\u00e9e.<\/p>\n<p>Article 13.2 : La soci\u00e9t\u00e9 <strong>AIMOTION EVENT<\/strong> T est lib\u00e9r\u00e9e de ses obligations et se r\u00e9serve le droit d\u2019annuler toute livraison pour tous cas fortuits ou en cas de force majeure tels que: incendie, intemp\u00e9rie(neige \u2013 temp\u00eate \u2013 conditions climatique exceptionnelles, gr\u00e8ve, \u00e9meutes, \u2026<\/p>\n<p>Article 13.3 : Dans le but d\u2019am\u00e9liorer le service client\u00e8le et de d\u00e9tecter les \u00e9ventuelles violations et fraudes de nos conditions d\u2019utilisation, nous gardons toutes les informations que vous nous envoyez par courrier, mail ou t\u00e9l\u00e9copies. Nous conservons aussi la correspondance avec le service client\u00e8le et tous les courriers que vous avez envoy\u00e9. Nous pouvons, avec le temps, les supprimer, dans la mesure o\u00f9 la loi nous y autorise.<\/p>\n<div class=\"block-title\">\n<h2 class=\"wp-block-heading\"><strong>Article 14 \u2013 R\u00e9ductions<\/strong><\/h2>\n<\/div>\n<p>Sauf mention contraire, aucune r\u00e9duction n\u2019est cumulable.<\/p>\n<p>Sauf mention contraire, les r\u00e9ductions ne sont valables que sur le materiel propos\u00e9 \u00e0 la location. <strong>AIMOTION EVENT<\/strong> se r\u00e9serve le droit de refuser l\u2019application d\u2019une r\u00e9duction sur un achat.<\/p>\n<\/div>\t\t\t\t\t\t\t\t<\/div>\n\t\t\t\t\t<\/div>\n\t\t\t\t<\/div>\n\t\t\t\t<\/div>\n\t\t","protected":false},"excerpt":{"rendered":"<p>CGV PRINCIPALES CONDITIONS de LOCATIONS A CONNAITRE AIMOTION EVENT propose des \u00e9quipements \u00e0 LOUER pour une p\u00e9riode d\u00e9termin\u00e9e par le client (de 24h \u00e0 plusieurs jours). Les CAUTIONS se font par d\u00e9p\u00f4t de garantie UNIQUEMENT par cheque ou en carte bancaire de CREDIT (pas d\u00e9bit \u2013 cartes pr\u00e9pay\u00e9e et cartes virtuelles non accept\u00e9es) Les employ\u00e9s [&hellip;]<\/p>\n","protected":false},"author":1,"featured_media":0,"parent":0,"menu_order":0,"comment_status":"closed","ping_status":"closed","template":"","meta":{"_eb_attr":"","om_disable_all_campaigns":false,"_monsterinsights_skip_tracking":false,"_monsterinsights_sitenote_active":false,"_monsterinsights_sitenote_note":"","_monsterinsights_sitenote_category":0,"_uf_show_specific_survey":0,"_uf_disable_surveys":false,"_themeisle_gutenberg_block_has_review":false,"footnotes":""},"class_list":["post-159","page","type-page","status-publish","hentry"],"aioseo_notices":[],"jetpack_sharing_enabled":true,"_links":{"self":[{"href":"https:\/\/aimotionevent.fr\/index.php\/wp-json\/wp\/v2\/pages\/159","targetHints":{"allow":["GET"]}}],"collection":[{"href":"https:\/\/aimotionevent.fr\/index.php\/wp-json\/wp\/v2\/pages"}],"about":[{"href":"https:\/\/aimotionevent.fr\/index.php\/wp-json\/wp\/v2\/types\/page"}],"author":[{"embeddable":true,"href":"https:\/\/aimotionevent.fr\/index.php\/wp-json\/wp\/v2\/users\/1"}],"replies":[{"embeddable":true,"href":"https:\/\/aimotionevent.fr\/index.php\/wp-json\/wp\/v2\/comments?post=159"}],"version-history":[{"count":6,"href":"https:\/\/aimotionevent.fr\/index.php\/wp-json\/wp\/v2\/pages\/159\/revisions"}],"predecessor-version":[{"id":3620,"href":"https:\/\/aimotionevent.fr\/index.php\/wp-json\/wp\/v2\/pages\/159\/revisions\/3620"}],"wp:attachment":[{"href":"https:\/\/aimotionevent.fr\/index.php\/wp-json\/wp\/v2\/media?parent=159"}],"curies":[{"name":"wp","href":"https:\/\/api.w.org\/{rel}","templated":true}]}}